{"id":968,"date":"2020-09-13T23:20:59","date_gmt":"2020-09-13T21:20:59","guid":{"rendered":"http:\/\/wtr.waw.pl\/?page_id=968"},"modified":"2020-09-13T23:24:44","modified_gmt":"2020-09-13T21:24:44","slug":"regaty-o-blekitna-wstege-ykp-warszawa-jadwisin-19-wrzesnia-2020-r","status":"publish","type":"page","link":"http:\/\/wtr.waw.pl\/?page_id=968","title":{"rendered":"Regaty o B\u0142\u0119kitn\u0105 Wst\u0119g\u0119 YKP WARSZAWA (Jadwisin 19 wrze\u015bnia 2020 r.)"},"content":{"rendered":"\n<p style=\"text-align:center\"><strong>Zawiadomienie o regatach<\/strong><\/p>\n\n\n\n<ol class=\"wp-block-list\"><li>Regaty odb\u0119d\u0105 si\u0119 19&nbsp;&nbsp;wrze\u015bnia 2020 r. na Zalewie Zegrzy\u0144skim.<\/li><li>Organizatorem Regat jest YACHT KLUB POLSKI WARSZAWA&nbsp;<\/li><li>Miejsce regat \u2013 O\u015brodek YKP WARSZAWA,&nbsp;&nbsp;Jadwisin<\/li><li>Regaty rozegrane b\u0119d\u0105 w klasach: Omega, T, T2, Tango i Turystycznej-Amatorskiej zgodnie z Przepisami Regatowymi \u017beglarstwa World Sailing 2017-2020, przepisami klasowymi, Instrukcj\u0105 \u017beglugi i niniejszym zawiadomieniem. Klasy niewyszczeg\u00f3lnione w zawiadomieniu mog\u0105 startowa\u0107 po wcze\u015bniejszym zg\u0142oszeniu si\u0119 do Organizatora.<\/li><li>Instrukcja \u017beglugi dost\u0119pna b\u0119dzie dla zawodnik\u00f3w w chwili zg\u0142oszenia do zawod\u00f3w.&nbsp;<\/li><li>O\u015bwiadczenie COVID-19 \u2013 do podpisania przez wszystkich cz\u0142onk\u00f3w za\u0142ogi.<\/li><li>Jacht powinien posiada\u0107 ubezpieczenie OC oraz znaki identyfikacyjne na \u017caglu.<\/li><li>Przewiduje si\u0119 rozegranie <strong>4<\/strong> wy\u015bcig\u00f3w w tym jeden wy\u015bcig d\u0142ugodystansowy \u201eO b\u0142\u0119kitn\u0105 wst\u0119g\u0119 YKP WARSZAWA\u201d.&nbsp;<br><\/li><li>Regaty zaliczane s\u0105 do cyklu \u017beglarskiego Grand Prix Warszawy.&nbsp;<\/li><li>Zg\u0142oszenia zawodnik\u00f3w do regat przyjmowane b\u0119d\u0105 na drukach dostarczonych przez organizatora w dniu 19.09.2020 r. od godz. 9:00 do godz. 10:30.<\/li><li>Wpisowe do regat w wysoko\u015bci 50,00 z\u0142 od jachtu oraz 20,00 z\u0142. od osoby.&nbsp;<\/li><li>Otwarcie regat i odprawa sternik\u00f3w w dniu 19.09.2020 r. o godz. 10:45, start do pierwszego wy\u015bcigu przewidziany jest na godz. 11:30. Harmonogram wy\u015bcig\u00f3w podany zostanie podczas odprawy sternik\u00f3w. Zako\u0144czenie imprezy planowane jest 19.09.2020 r. oko\u0142o godz. 17:00 \u2013 18:00&nbsp;&nbsp;(w zale\u017cno\u015bci od ilo\u015bci przeprowadzonych wy\u015bcig\u00f3w).<\/li><li>Wszyscy uczestnicy bior\u0105 udzia\u0142 w regatach na w\u0142asn\u0105 odpowiedzialno\u015b\u0107. \u017badna z czynno\u015bci wykonana lub nie wykonana przez organizatora nie zwalnia uczestnik\u00f3w regat od ponoszenia odpowiedzialno\u015bci za spowodowan\u0105 szkod\u0119 wynikaj\u0105c z udzia\u0142u w regatach.<br><\/li><li><strong>W czasie regat b\u0119d\u0105 obowi\u0105zywa\u0107 procedury zwi\u0105zane z zagro\u017ceniem COVID-19, warunkiem uczestnictwa w zawodach b\u0119dzie pisemne O\u015bwiadczenie pe\u0142noletnich zawodnik\u00f3w do ich przestrzegania.<\/strong><\/li><\/ol>\n\n\n\n<p style=\"text-align:right\">S\u0119dzia G\u0142\u00f3wny<br>Miros\u0142awa Paluszkiewicz<\/p>\n\n\n\n<p><\/p>\n","protected":false},"excerpt":{"rendered":"<p>Zawiadomienie o regatach Regaty odb\u0119d\u0105 si\u0119 19&nbsp;&nbsp;wrze\u015bnia 2020 r. na Zalewie Zegrzy\u0144skim. Organizatorem Regat jest YACHT KLUB POLSKI WARSZAWA&nbsp; Miejsce regat \u2013 O\u015brodek YKP WARSZAWA,&nbsp;&nbsp;Jadwisin Regaty rozegrane b\u0119d\u0105 w klasach: Omega, T, T2, Tango i Turystycznej-Amatorskiej zgodnie z Przepisami Regatowymi \u017beglarstwa World Sailing 2017-2020, przepisami klasowymi, Instrukcj\u0105 \u017beglugi i niniejszym zawiadomieniem. Klasy niewyszczeg\u00f3lnione w zawiadomieniu&#8230;<\/p>\n","protected":false},"author":1,"featured_media":0,"parent":0,"menu_order":0,"comment_status":"closed","ping_status":"closed","template":"","meta":{"footnotes":""},"class_list":["post-968","page","type-page","status-publish","hentry"],"_links":{"self":[{"href":"http:\/\/wtr.waw.pl\/index.php?rest_route=\/wp\/v2\/pages\/968","targetHints":{"allow":["GET"]}}],"collection":[{"href":"http:\/\/wtr.waw.pl\/index.php?rest_route=\/wp\/v2\/pages"}],"about":[{"href":"http:\/\/wtr.waw.pl\/index.php?rest_route=\/wp\/v2\/types\/page"}],"author":[{"embeddable":true,"href":"http:\/\/wtr.waw.pl\/index.php?rest_route=\/wp\/v2\/users\/1"}],"replies":[{"embeddable":true,"href":"http:\/\/wtr.waw.pl\/index.php?rest_route=%2Fwp%2Fv2%2Fcomments&post=968"}],"version-history":[{"count":3,"href":"http:\/\/wtr.waw.pl\/index.php?rest_route=\/wp\/v2\/pages\/968\/revisions"}],"predecessor-version":[{"id":973,"href":"http:\/\/wtr.waw.pl\/index.php?rest_route=\/wp\/v2\/pages\/968\/revisions\/973"}],"wp:attachment":[{"href":"http:\/\/wtr.waw.pl\/index.php?rest_route=%2Fwp%2Fv2%2Fmedia&parent=968"}],"curies":[{"name":"wp","href":"https:\/\/api.w.org\/{rel}","templated":true}]}}