{"id":942,"date":"2020-09-02T20:57:46","date_gmt":"2020-09-02T18:57:46","guid":{"rendered":"http:\/\/wtr.waw.pl\/?page_id=942"},"modified":"2020-09-02T20:57:46","modified_gmt":"2020-09-02T18:57:46","slug":"zaproszenie-na-trening-regatowy-o-puchar-guzexu","status":"publish","type":"page","link":"http:\/\/wtr.waw.pl\/?page_id=942","title":{"rendered":"Zaproszenie na Trening Regatowy o Puchar Guzexu"},"content":{"rendered":"\n<p>Trening regatowy odb\u0119dzie si\u0119 w dniach: 12-13.09.2020<\/p>\n\n\n\n<ol class=\"wp-block-list\"><li>Trening odb\u0119dzie si\u0119 w Bazie Regatowej Sp\u00f3jni Warszawa<\/li><li>Regaty s\u0105 zaliczane do Grand Prix Warszawy<\/li><li>Regaty zostan\u0105 rozegrane w klasach: T1, T2, Tango<\/li><li>Regaty odb\u0119d\u0105 si\u0119 wed\u0142ug przepis\u00f3w:<br>&#8211; MPR\u017b 2017 &#8211; 2020<br>&#8211; zasad zawartych w przepisach WTR 2014<br>&#8211; klas<br>&#8211; instrukcji \u017ceglugi i niniejszego zawiadomienia<\/li><li>Zg\u0142oszenie do regat w porcie w dniu 12.09.2020, od godz. 9:00 do 10:30<\/li><li>Odprawa sternik\u00f3w w dniu 12.09.2020 o godz. 11:00<\/li><li>Przewidywane jest sze\u015b\u0107 wy\u015bcig\u00f3w, po rozegraniu jednego wy\u015bcigu regaty uznane b\u0119d\u0105 za rozegrane.<\/li><li>Kategoria regat &#8222;C&#8221;<\/li><li>Wszyscy uczestnicy bior\u0105 udzia\u0142 w regatach na w\u0142asn\u0105 odpowiedzialno\u015b\u0107. \u017badna z czynno\u015bci wykonanych lub niewykonanych przez organizator\u00f3w nie zwalnia uczestnik\u00f3w regat od ponoszenia odpowiedzialno\u015bci za jak\u0105kolwiek szkod\u0119 spowodowan\u0105 przez zawodnika lub jego jacht wynikaj\u0105c\u0105 z udzia\u0142u w regatach.<\/li><li>Jachty startuj\u0105ce w regatach musz\u0105 posiada\u0107 OC zwi\u0105zane z regatami.<\/li><li>Wpisowe: 100PLN za jacht i 20 PLN za cz\u0142onka za\u0142ogi.<\/li><\/ol>\n\n\n\n<p>ORGANIZATOR: GRZEGORZ GUZOWSKI, tel: 501 353 148<\/p>\n","protected":false},"excerpt":{"rendered":"<p>Trening regatowy odb\u0119dzie si\u0119 w dniach: 12-13.09.2020 Trening odb\u0119dzie si\u0119 w Bazie Regatowej Sp\u00f3jni Warszawa Regaty s\u0105 zaliczane do Grand Prix Warszawy Regaty zostan\u0105 rozegrane w klasach: T1, T2, Tango Regaty odb\u0119d\u0105 si\u0119 wed\u0142ug przepis\u00f3w:&#8211; MPR\u017b 2017 &#8211; 2020&#8211; zasad zawartych w przepisach WTR 2014&#8211; klas&#8211; instrukcji \u017ceglugi i niniejszego zawiadomienia Zg\u0142oszenie do regat w&#8230;<\/p>\n","protected":false},"author":1,"featured_media":437,"parent":0,"menu_order":0,"comment_status":"closed","ping_status":"closed","template":"","meta":{"footnotes":""},"class_list":["post-942","page","type-page","status-publish","has-post-thumbnail","hentry"],"_links":{"self":[{"href":"http:\/\/wtr.waw.pl\/index.php?rest_route=\/wp\/v2\/pages\/942","targetHints":{"allow":["GET"]}}],"collection":[{"href":"http:\/\/wtr.waw.pl\/index.php?rest_route=\/wp\/v2\/pages"}],"about":[{"href":"http:\/\/wtr.waw.pl\/index.php?rest_route=\/wp\/v2\/types\/page"}],"author":[{"embeddable":true,"href":"http:\/\/wtr.waw.pl\/index.php?rest_route=\/wp\/v2\/users\/1"}],"replies":[{"embeddable":true,"href":"http:\/\/wtr.waw.pl\/index.php?rest_route=%2Fwp%2Fv2%2Fcomments&post=942"}],"version-history":[{"count":1,"href":"http:\/\/wtr.waw.pl\/index.php?rest_route=\/wp\/v2\/pages\/942\/revisions"}],"predecessor-version":[{"id":943,"href":"http:\/\/wtr.waw.pl\/index.php?rest_route=\/wp\/v2\/pages\/942\/revisions\/943"}],"wp:featuredmedia":[{"embeddable":true,"href":"http:\/\/wtr.waw.pl\/index.php?rest_route=\/wp\/v2\/media\/437"}],"wp:attachment":[{"href":"http:\/\/wtr.waw.pl\/index.php?rest_route=%2Fwp%2Fv2%2Fmedia&parent=942"}],"curies":[{"name":"wp","href":"https:\/\/api.w.org\/{rel}","templated":true}]}}