{"id":933,"date":"2020-09-01T21:52:43","date_gmt":"2020-09-01T19:52:43","guid":{"rendered":"http:\/\/wtr.waw.pl\/?page_id=933"},"modified":"2020-09-01T21:56:37","modified_gmt":"2020-09-01T19:56:37","slug":"wyniki-regat-przystani-miedzy-zaglami-nieporet-29-30-sierpnia-2020-roku","status":"publish","type":"page","link":"http:\/\/wtr.waw.pl\/?page_id=933","title":{"rendered":"Wyniki Regat Przystani Mi\u0119dzy \u017baglami (Niepor\u0119t, 29-30 sierpnia 2020 roku)"},"content":{"rendered":"\n<p><strong>Regaty Przystani Mi\u0119dzy \u017baglami<br><\/strong>Niepor\u0119t, 29-30 sierpnia 2020 roku<\/p>\n\n\n\n<figure class=\"wp-block-image\"><img loading=\"lazy\" decoding=\"async\" width=\"2001\" height=\"1317\" src=\"http:\/\/wtr.waw.pl\/wp-content\/uploads\/2020\/09\/Screenshot-2020-09-01-at-21.47.14.png\" alt=\"\" class=\"wp-image-934\" srcset=\"http:\/\/wtr.waw.pl\/wp-content\/uploads\/2020\/09\/Screenshot-2020-09-01-at-21.47.14.png 2001w, http:\/\/wtr.waw.pl\/wp-content\/uploads\/2020\/09\/Screenshot-2020-09-01-at-21.47.14-300x197.png 300w, http:\/\/wtr.waw.pl\/wp-content\/uploads\/2020\/09\/Screenshot-2020-09-01-at-21.47.14-768x505.png 768w, http:\/\/wtr.waw.pl\/wp-content\/uploads\/2020\/09\/Screenshot-2020-09-01-at-21.47.14-1024x674.png 1024w\" sizes=\"auto, (max-width: 2001px) 100vw, 2001px\" \/><figcaption>S\u0119dzia g\u0142\u00f3wny &#8211; Karol Pajka<\/figcaption><\/figure>\n","protected":false},"excerpt":{"rendered":"<p>Regaty Przystani Mi\u0119dzy \u017baglamiNiepor\u0119t, 29-30 sierpnia 2020 roku<\/p>\n","protected":false},"author":1,"featured_media":559,"parent":0,"menu_order":0,"comment_status":"closed","ping_status":"closed","template":"","meta":{"footnotes":""},"class_list":["post-933","page","type-page","status-publish","has-post-thumbnail","hentry"],"_links":{"self":[{"href":"http:\/\/wtr.waw.pl\/index.php?rest_route=\/wp\/v2\/pages\/933","targetHints":{"allow":["GET"]}}],"collection":[{"href":"http:\/\/wtr.waw.pl\/index.php?rest_route=\/wp\/v2\/pages"}],"about":[{"href":"http:\/\/wtr.waw.pl\/index.php?rest_route=\/wp\/v2\/types\/page"}],"author":[{"embeddable":true,"href":"http:\/\/wtr.waw.pl\/index.php?rest_route=\/wp\/v2\/users\/1"}],"replies":[{"embeddable":true,"href":"http:\/\/wtr.waw.pl\/index.php?rest_route=%2Fwp%2Fv2%2Fcomments&post=933"}],"version-history":[{"count":3,"href":"http:\/\/wtr.waw.pl\/index.php?rest_route=\/wp\/v2\/pages\/933\/revisions"}],"predecessor-version":[{"id":938,"href":"http:\/\/wtr.waw.pl\/index.php?rest_route=\/wp\/v2\/pages\/933\/revisions\/938"}],"wp:featuredmedia":[{"embeddable":true,"href":"http:\/\/wtr.waw.pl\/index.php?rest_route=\/wp\/v2\/media\/559"}],"wp:attachment":[{"href":"http:\/\/wtr.waw.pl\/index.php?rest_route=%2Fwp%2Fv2%2Fmedia&parent=933"}],"curies":[{"name":"wp","href":"https:\/\/api.w.org\/{rel}","templated":true}]}}