{"id":864,"date":"2019-09-16T22:57:47","date_gmt":"2019-09-16T20:57:47","guid":{"rendered":"http:\/\/wtr.waw.pl\/?page_id=864"},"modified":"2019-09-28T23:45:36","modified_gmt":"2019-09-28T21:45:36","slug":"trening-regaty-puchar-wtr","status":"publish","type":"page","link":"http:\/\/wtr.waw.pl\/?page_id=864","title":{"rendered":"Trening-Regaty PUCHAR WTR"},"content":{"rendered":"\n<p style=\"text-align:center\"><strong>21-22 wrze\u015bnia 2019 r.<\/strong><\/p>\n\n\n\n<p style=\"text-align:center\"><strong>Zawiadomienie<\/strong><\/p>\n\n\n\n<p><br>1. Regaty odb\u0119d\u0105 si\u0119 w dniach&nbsp;&nbsp;21 &#8211; 22.09.2019 r. na Zalewie Zegrzy\u0144skim.&nbsp;<\/p>\n\n\n\n<p><br>2. Organizatorem Regat jest WARSZAWSKIE TOWARZYSTWO REGATOWE&nbsp;<\/p>\n\n\n\n<p><br>3. Miejsce regat \u2013 KS SP\u00d3JNIA,&nbsp;&nbsp;Niepor\u0119t<\/p>\n\n\n\n<p><br>4. Regaty rozegrane b\u0119d\u0105 w klasach: T, T2, Tango zgodnie z Przepisami Regatowymi \u017beglarstwa World Sailing 2017-2020, przepisami klasowymi, Instrukcj\u0105 \u017beglugi i niniejszym zawiadomieniem.&nbsp;Klasy niewyszczeg\u00f3lnione w zawiadomieniu mog\u0105 startowa\u0107 po wcze\u015bniejszym zg\u0142oszeniu si\u0119 do Organizatora.<\/p>\n\n\n\n<p><br>5. Instrukcja \u017beglugi dost\u0119pna b\u0119dzie dla zawodnik\u00f3w w chwili zg\u0142oszenia do zawod\u00f3w.&nbsp;<\/p>\n\n\n\n<p><br>6. Jacht powinien posiada\u0107 ubezpieczenie OC oraz znaki identyfikacyjne na \u017caglu.&nbsp;<\/p>\n\n\n\n<p><br>7. Przewiduje si\u0119 rozegranie 6 wy\u015bcig\u00f3w w tym jeden wy\u015bcig d\u0142ugodystansowy.&nbsp;<\/p>\n\n\n\n<p>8. Regaty zaliczane s\u0105 do cyklu \u017beglarskiego Grand Prix Warszawy.&nbsp;<\/p>\n\n\n\n<p><br>9. Zg\u0142oszenia zawodnik\u00f3w do regat przyjmowane b\u0119d\u0105 na drukach dostarczonych przez organizatora w dniu 21.09.2019 r. od godz. 9:30 do godz. 10:30.&nbsp;<\/p>\n\n\n\n<p><br>10. Wpisowe do regat w wysoko\u015bci 60,00 z\u0142 od jachtu oraz 20,00 z\u0142. od osoby.&nbsp;<\/p>\n\n\n\n<p><br>11. Otwarcie regat i odprawa sternik\u00f3w w dniu 21.09.2019 r. o godz. 10:30, start do pierwszego wy\u015bcigu przewidziany jest na godz. 11:30. Harmonogram wy\u015bcig\u00f3w podany zostanie podczas odprawy sternik\u00f3w. Zako\u0144czenie imprezy planowane jest&nbsp;&nbsp;&nbsp;w dniu 22.09.2019 r. oko\u0142o godz. 15:00.&nbsp;<\/p>\n\n\n\n<p>12.\u00a0Wszyscy uczestnicy bior\u0105 udzia\u0142 w regatach na w\u0142asn\u0105 odpowiedzialno\u015b\u0107.\u00a0\u017badna z czynno\u015bci wykonana lub niewykonana przez organizatora nie zwalnia uczestnik\u00f3w regat od ponoszenia odpowiedzialno\u015bci za spowodowan\u0105 szkod\u0119 wynikaj\u0105c z udzia\u0142u w regatach.<\/p>\n\n\n\n<p style=\"text-align:right\">WARSZAWSKIE TOWARZYSTWO REGATOWE<\/p>\n","protected":false},"excerpt":{"rendered":"<p>21-22 wrze\u015bnia 2019 r. Zawiadomienie 1. Regaty odb\u0119d\u0105 si\u0119 w dniach&nbsp;&nbsp;21 &#8211; 22.09.2019 r. na Zalewie Zegrzy\u0144skim.&nbsp; 2. Organizatorem Regat jest WARSZAWSKIE TOWARZYSTWO REGATOWE&nbsp; 3. Miejsce regat \u2013 KS SP\u00d3JNIA,&nbsp;&nbsp;Niepor\u0119t 4. Regaty rozegrane b\u0119d\u0105 w klasach: T, T2, Tango zgodnie z Przepisami Regatowymi \u017beglarstwa World Sailing 2017-2020, przepisami klasowymi, Instrukcj\u0105 \u017beglugi i niniejszym zawiadomieniem.&nbsp;Klasy niewyszczeg\u00f3lnione&#8230;<\/p>\n","protected":false},"author":1,"featured_media":516,"parent":0,"menu_order":0,"comment_status":"closed","ping_status":"closed","template":"","meta":{"footnotes":""},"class_list":["post-864","page","type-page","status-publish","has-post-thumbnail","hentry"],"_links":{"self":[{"href":"http:\/\/wtr.waw.pl\/index.php?rest_route=\/wp\/v2\/pages\/864","targetHints":{"allow":["GET"]}}],"collection":[{"href":"http:\/\/wtr.waw.pl\/index.php?rest_route=\/wp\/v2\/pages"}],"about":[{"href":"http:\/\/wtr.waw.pl\/index.php?rest_route=\/wp\/v2\/types\/page"}],"author":[{"embeddable":true,"href":"http:\/\/wtr.waw.pl\/index.php?rest_route=\/wp\/v2\/users\/1"}],"replies":[{"embeddable":true,"href":"http:\/\/wtr.waw.pl\/index.php?rest_route=%2Fwp%2Fv2%2Fcomments&post=864"}],"version-history":[{"count":5,"href":"http:\/\/wtr.waw.pl\/index.php?rest_route=\/wp\/v2\/pages\/864\/revisions"}],"predecessor-version":[{"id":889,"href":"http:\/\/wtr.waw.pl\/index.php?rest_route=\/wp\/v2\/pages\/864\/revisions\/889"}],"wp:featuredmedia":[{"embeddable":true,"href":"http:\/\/wtr.waw.pl\/index.php?rest_route=\/wp\/v2\/media\/516"}],"wp:attachment":[{"href":"http:\/\/wtr.waw.pl\/index.php?rest_route=%2Fwp%2Fv2%2Fmedia&parent=864"}],"curies":[{"name":"wp","href":"https:\/\/api.w.org\/{rel}","templated":true}]}}