{"id":849,"date":"2019-09-07T11:02:24","date_gmt":"2019-09-07T09:02:24","guid":{"rendered":"http:\/\/wtr.waw.pl\/?page_id=849"},"modified":"2019-09-07T11:08:25","modified_gmt":"2019-09-07T09:08:25","slug":"regaty-o-blekitna-wstege-ykp-warszawa","status":"publish","type":"page","link":"http:\/\/wtr.waw.pl\/?page_id=849","title":{"rendered":"Regaty o B\u0142\u0119kitn\u0105 Wst\u0119g\u0119 YKP WARSZAWA"},"content":{"rendered":"\n<p style=\"text-align:center\"><strong>Jadwisin 14-15 wrze\u015bnia 2019 r.<\/strong><\/p>\n\n\n\n<p style=\"text-align:center\">Zawiadomienie o regatach<\/p>\n\n\n\n<p><br>1. Regaty odb\u0119d\u0105 si\u0119 w dniach&nbsp;&nbsp;14 &#8211; 15.09.2019 r. na Zalewie Zegrzy\u0144skim.&nbsp;<\/p>\n\n\n\n<p><br>2. Organizatorem Regat jest YACHT KLUB POLSKI WARSZAWA&nbsp;<\/p>\n\n\n\n<p><br>3. Miejsce regat \u2013 O\u015brodek YKP WARSZAWA,&nbsp;&nbsp;Jadwisin<\/p>\n\n\n\n<p><br>4. Regaty rozegrane b\u0119d\u0105 w klasach: Omega, T, T2, Tango i Turystycznej-Amatorskiej zgodnie z Przepisami Regatowymi \u017beglarstwa World Sailing 2017-2020, przepisami klasowymi, Instrukcj\u0105 \u017beglugi i niniejszym zawiadomieniem.&nbsp;<\/p>\n\n\n\n<p>Klasy niewyszczeg\u00f3lnione w zawiadomieniu mog\u0105 startowa\u0107 po wcze\u015bniejszym zg\u0142oszeniu si\u0119 do Organizatora.<\/p>\n\n\n\n<p><br>5. Instrukcja \u017beglugi dost\u0119pna b\u0119dzie dla zawodnik\u00f3w w chwili zg\u0142oszenia do zawod\u00f3w.&nbsp;<\/p>\n\n\n\n<p><br>6. Jacht powinien posiada\u0107 ubezpieczenie OC oraz znaki identyfikacyjne na \u017caglu.&nbsp;<\/p>\n\n\n\n<p><br>7. Przewiduje si\u0119 rozegranie 5 wy\u015bcig\u00f3w w tym jeden wy\u015bcig d\u0142ugodystansowy&nbsp;<\/p>\n\n\n\n<p>\u201eO b\u0142\u0119kitn\u0105 wst\u0119g\u0119 YKP WARSZAWA\u201d.&nbsp;<\/p>\n\n\n\n<p>8. Regaty zaliczane s\u0105 do cyklu \u017beglarskiego Grand Prix Warszawy.&nbsp;<\/p>\n\n\n\n<p><br>9. Zg\u0142oszenia zawodnik\u00f3w do regat przyjmowane b\u0119d\u0105 na drukach dostarczonych przez organizatora w dniu 14.09.2019 r. od godz. 9:00 do godz. 10:30.&nbsp;<\/p>\n\n\n\n<p><br>10. Wpisowe do regat w wysoko\u015bci 60,00 z\u0142 od jachtu oraz 20,00 z\u0142. od osoby.&nbsp;<\/p>\n\n\n\n<p><br>11. Otwarcie regat i odprawa sternik\u00f3w w dniu 14.09.2019 r. o godz. 10:45, start do pierwszego wy\u015bcigu przewidziany jest na godz. 11:30. Harmonogram wy\u015bcig\u00f3w podany zostanie podczas odprawy sternik\u00f3w. Zako\u0144czenie imprezy planowane jest w dniu 15.09.2019 r. oko\u0142o godz. 15:00.&nbsp;<\/p>\n\n\n\n<p>12.\u00a0Wszyscy uczestnicy bior\u0105 udzia\u0142 w regatach na w\u0142asn\u0105 odpowiedzialno\u015b\u0107.\u00a0\u017badna z czynno\u015bci wykonana lub niewykonana przez organizatora nie zwalnia uczestnik\u00f3w regat od ponoszenia odpowiedzialno\u015bci za spowodowan\u0105 szkod\u0119 wynikaj\u0105c z udzia\u0142u w regatach.<\/p>\n\n\n\n<p><\/p>\n\n\n\n<p style=\"text-align:right\">&nbsp;&nbsp;&nbsp;&nbsp;&nbsp;&nbsp;&nbsp;&nbsp;&nbsp;&nbsp;&nbsp;&nbsp;&nbsp;&nbsp;&nbsp;&nbsp;&nbsp;&nbsp;&nbsp;&nbsp;&nbsp;&nbsp;&nbsp;&nbsp;&nbsp;&nbsp;&nbsp;&nbsp;&nbsp;&nbsp;&nbsp;&nbsp;&nbsp;&nbsp;&nbsp;&nbsp;&nbsp;&nbsp;&nbsp;&nbsp;&nbsp;&nbsp;&nbsp;&nbsp;&nbsp;&nbsp;&nbsp;&nbsp;&nbsp;&nbsp;&nbsp;&nbsp;&nbsp;&nbsp;&nbsp;&nbsp;&nbsp;&nbsp;&nbsp;&nbsp;&nbsp;&nbsp;&nbsp;&nbsp;&nbsp;&nbsp;&nbsp;&nbsp;&nbsp;&nbsp;&nbsp;&nbsp;&nbsp;&nbsp;&nbsp;&nbsp;&nbsp;&nbsp;&nbsp;&nbsp;&nbsp;&nbsp;&nbsp;&nbsp;&nbsp;&nbsp;&nbsp;&nbsp;S\u0119dzia G\u0142\u00f3wny<\/p>\n\n\n\n<p style=\"text-align:right\">&nbsp;&nbsp;&nbsp;&nbsp;&nbsp;&nbsp;&nbsp;&nbsp;&nbsp;&nbsp;&nbsp;&nbsp;&nbsp;&nbsp;&nbsp;&nbsp;&nbsp;&nbsp;&nbsp;&nbsp;&nbsp;&nbsp;&nbsp;&nbsp;&nbsp;&nbsp;&nbsp;&nbsp;&nbsp;&nbsp;&nbsp;&nbsp;&nbsp;&nbsp;&nbsp;&nbsp;&nbsp;&nbsp;&nbsp;&nbsp;&nbsp;&nbsp;&nbsp;&nbsp;&nbsp;&nbsp;&nbsp;&nbsp;&nbsp;&nbsp;&nbsp;&nbsp;&nbsp;&nbsp;&nbsp;&nbsp;&nbsp;&nbsp;&nbsp;&nbsp;&nbsp;&nbsp;&nbsp;&nbsp;&nbsp;&nbsp;&nbsp;&nbsp;&nbsp;&nbsp;&nbsp;&nbsp;&nbsp;&nbsp;&nbsp;&nbsp;&nbsp;&nbsp;&nbsp;&nbsp;Miros\u0142awa Paluszkiewicz<\/p>\n","protected":false},"excerpt":{"rendered":"<p>Jadwisin 14-15 wrze\u015bnia 2019 r. Zawiadomienie o regatach 1. Regaty odb\u0119d\u0105 si\u0119 w dniach&nbsp;&nbsp;14 &#8211; 15.09.2019 r. na Zalewie Zegrzy\u0144skim.&nbsp; 2. Organizatorem Regat jest YACHT KLUB POLSKI WARSZAWA&nbsp; 3. Miejsce regat \u2013 O\u015brodek YKP WARSZAWA,&nbsp;&nbsp;Jadwisin 4. Regaty rozegrane b\u0119d\u0105 w klasach: Omega, T, T2, Tango i Turystycznej-Amatorskiej zgodnie z Przepisami Regatowymi \u017beglarstwa World Sailing 2017-2020,&#8230;<\/p>\n","protected":false},"author":1,"featured_media":500,"parent":0,"menu_order":0,"comment_status":"closed","ping_status":"closed","template":"","meta":{"footnotes":""},"class_list":["post-849","page","type-page","status-publish","has-post-thumbnail","hentry"],"_links":{"self":[{"href":"http:\/\/wtr.waw.pl\/index.php?rest_route=\/wp\/v2\/pages\/849","targetHints":{"allow":["GET"]}}],"collection":[{"href":"http:\/\/wtr.waw.pl\/index.php?rest_route=\/wp\/v2\/pages"}],"about":[{"href":"http:\/\/wtr.waw.pl\/index.php?rest_route=\/wp\/v2\/types\/page"}],"author":[{"embeddable":true,"href":"http:\/\/wtr.waw.pl\/index.php?rest_route=\/wp\/v2\/users\/1"}],"replies":[{"embeddable":true,"href":"http:\/\/wtr.waw.pl\/index.php?rest_route=%2Fwp%2Fv2%2Fcomments&post=849"}],"version-history":[{"count":3,"href":"http:\/\/wtr.waw.pl\/index.php?rest_route=\/wp\/v2\/pages\/849\/revisions"}],"predecessor-version":[{"id":853,"href":"http:\/\/wtr.waw.pl\/index.php?rest_route=\/wp\/v2\/pages\/849\/revisions\/853"}],"wp:featuredmedia":[{"embeddable":true,"href":"http:\/\/wtr.waw.pl\/index.php?rest_route=\/wp\/v2\/media\/500"}],"wp:attachment":[{"href":"http:\/\/wtr.waw.pl\/index.php?rest_route=%2Fwp%2Fv2%2Fmedia&parent=849"}],"curies":[{"name":"wp","href":"https:\/\/api.w.org\/{rel}","templated":true}]}}