{"id":820,"date":"2019-09-02T21:59:48","date_gmt":"2019-09-02T19:59:48","guid":{"rendered":"http:\/\/wtr.waw.pl\/?page_id=820"},"modified":"2019-09-02T22:11:34","modified_gmt":"2019-09-02T20:11:34","slug":"puchar-klasy-tango-memorial-witka-wasilewskiego","status":"publish","type":"page","link":"http:\/\/wtr.waw.pl\/?page_id=820","title":{"rendered":"Puchar Klasy Tango &#8211; Memoria\u0142 Witka Wasilewskiego"},"content":{"rendered":"\n<p><strong>Zawiadomienie o regatach<\/strong><br><br>1. Regaty odb\u0119d\u0105 si\u0119 w dniach 7 &#8211; 8.09.2019r. na Zalewie Zegrzy\u0144skim.&nbsp;<\/p>\n\n\n\n<p><br>2. Organizatorem Regat jest Stowarzyszenie Klasy Tango&nbsp;<\/p>\n\n\n\n<p><br>3. Miejsce regat \u2013 Port Jachtowy KS SP\u00d3JNIA, Niepor\u0119t.<\/p>\n\n\n\n<p><br>4. Regaty rozegrane b\u0119d\u0105 w klasach: T, T2 i Tango zgodnie z MPR\u017b 2017-2020, przepisami klasowymi, Instrukcj\u0105 \u017beglugi i niniejszym zawiadomieniem. Klasy niewyszczeg\u00f3lnione w zawiadomieniu mog\u0105 startowa\u0107 po wcze\u015bniejszym zg\u0142oszeniu si\u0119 do Organizatora.&nbsp;<\/p>\n\n\n\n<p><br>5. Instrukcja \u017beglugi dost\u0119pna b\u0119dzie dla zawodnik\u00f3w w chwili zg\u0142oszenia do zawod\u00f3w.&nbsp;<\/p>\n\n\n\n<p><br>6. Jacht powinien posiada\u0107 ubezpieczenie OC oraz znaki identyfikacyjne na \u017caglu.&nbsp;<\/p>\n\n\n\n<p><br>7. Przewiduje si\u0119 rozegranie 6 wy\u015bcig\u00f3w w tym jeden wy\u015bcig d\u0142ugodystansowy&nbsp;<\/p>\n\n\n\n<p>\u201eMemoria\u0142 Witka Wasilewskiego\u201d. Przy rozegraniu czterech i wi\u0119cej wy\u015bcig\u00f3w, najgorszy wynik b\u0119dzie odrzucony. Regaty zostan\u0105 uznane za wa\u017cne przy rozegraniu minimum jednego wy\u015bcigu.<\/p>\n\n\n\n<p>&nbsp;<br>8. Regaty zaliczane s\u0105 do cyklu \u017beglarskiego Grand Prix Warszawy.&nbsp;<\/p>\n\n\n\n<p><br>9. Zg\u0142oszenia zawodnik\u00f3w do regat przyjmowane b\u0119d\u0105 na drukach dostarczonych przez organizatora w dniu 16.06.2018 r. od godz. 9:30 do godz. 10:00.&nbsp;<\/p>\n\n\n\n<p><br>10. Wpisowe do regat w wysoko\u015bci 60,00 z\u0142 od jachtu oraz 20,00 z\u0142. od osoby.&nbsp;<\/p>\n\n\n\n<p><br>11. Otwarcie regat i odprawa sternik\u00f3w w dniu 16.06.2018 r. o godz. 10:30, start do pierwszego wy\u015bcigu przewidziany jest na godz. 11:30. Harmonogram wy\u015bcig\u00f3w podany zostanie podczas odprawy sternik\u00f3w. Zako\u0144czenie imprezy planowane jest w dniu 17.06.2018 r. oko\u0142o godz. 15:00.&nbsp;<\/p>\n\n\n\n<p>12.\u00a0Wszyscy uczestnicy bior\u0105 udzia\u0142 w regatach na w\u0142asn\u0105 odpowiedzialno\u015b\u0107.\u00a0\u017badna z czynno\u015bci wykonana lub nie wykonana przez organizatora nie zwalnia uczestnik\u00f3w regat od ponoszenia odpowiedzialno\u015bci za spowodowan\u0105 szkod\u0119 wynikaj\u0105c z udzia\u0142u w regatach.<\/p>\n\n\n\n<p style=\"text-align:right\">S\u0119dzia G\u0142\u00f3wny<\/p>\n\n\n\n<p style=\"text-align:right\">Jacek Paluszkiewicz<\/p>\n\n\n\n<p><\/p>\n","protected":false},"excerpt":{"rendered":"<p>Zawiadomienie o regatach 1. Regaty odb\u0119d\u0105 si\u0119 w dniach 7 &#8211; 8.09.2019r. na Zalewie Zegrzy\u0144skim.&nbsp; 2. Organizatorem Regat jest Stowarzyszenie Klasy Tango&nbsp; 3. Miejsce regat \u2013 Port Jachtowy KS SP\u00d3JNIA, Niepor\u0119t. 4. Regaty rozegrane b\u0119d\u0105 w klasach: T, T2 i Tango zgodnie z MPR\u017b 2017-2020, przepisami klasowymi, Instrukcj\u0105 \u017beglugi i niniejszym zawiadomieniem. Klasy niewyszczeg\u00f3lnione w&#8230;<\/p>\n","protected":false},"author":1,"featured_media":437,"parent":0,"menu_order":0,"comment_status":"closed","ping_status":"closed","template":"","meta":{"footnotes":""},"class_list":["post-820","page","type-page","status-publish","has-post-thumbnail","hentry"],"_links":{"self":[{"href":"http:\/\/wtr.waw.pl\/index.php?rest_route=\/wp\/v2\/pages\/820","targetHints":{"allow":["GET"]}}],"collection":[{"href":"http:\/\/wtr.waw.pl\/index.php?rest_route=\/wp\/v2\/pages"}],"about":[{"href":"http:\/\/wtr.waw.pl\/index.php?rest_route=\/wp\/v2\/types\/page"}],"author":[{"embeddable":true,"href":"http:\/\/wtr.waw.pl\/index.php?rest_route=\/wp\/v2\/users\/1"}],"replies":[{"embeddable":true,"href":"http:\/\/wtr.waw.pl\/index.php?rest_route=%2Fwp%2Fv2%2Fcomments&post=820"}],"version-history":[{"count":12,"href":"http:\/\/wtr.waw.pl\/index.php?rest_route=\/wp\/v2\/pages\/820\/revisions"}],"predecessor-version":[{"id":836,"href":"http:\/\/wtr.waw.pl\/index.php?rest_route=\/wp\/v2\/pages\/820\/revisions\/836"}],"wp:featuredmedia":[{"embeddable":true,"href":"http:\/\/wtr.waw.pl\/index.php?rest_route=\/wp\/v2\/media\/437"}],"wp:attachment":[{"href":"http:\/\/wtr.waw.pl\/index.php?rest_route=%2Fwp%2Fv2%2Fmedia&parent=820"}],"curies":[{"name":"wp","href":"https:\/\/api.w.org\/{rel}","templated":true}]}}