{"id":806,"date":"2019-08-28T22:45:54","date_gmt":"2019-08-28T20:45:54","guid":{"rendered":"http:\/\/wtr.waw.pl\/?page_id=806"},"modified":"2019-08-28T22:47:25","modified_gmt":"2019-08-28T20:47:25","slug":"wyniki-regat-warsaw-sailing-days-2019","status":"publish","type":"page","link":"http:\/\/wtr.waw.pl\/?page_id=806","title":{"rendered":"Wyniki Regat Warsaw Sailing Days 2019"},"content":{"rendered":"\n<p>Niepor\u0119t, 24-25 sierpnia 2019 roku<\/p>\n\n\n\n<figure class=\"wp-block-image\"><img loading=\"lazy\" decoding=\"async\" width=\"1024\" height=\"614\" src=\"http:\/\/wtr.waw.pl\/wp-content\/uploads\/2019\/08\/Screenshot-2019-08-28-at-22.41.01-1024x614.png\" alt=\"\" class=\"wp-image-807\" srcset=\"http:\/\/wtr.waw.pl\/wp-content\/uploads\/2019\/08\/Screenshot-2019-08-28-at-22.41.01-1024x614.png 1024w, http:\/\/wtr.waw.pl\/wp-content\/uploads\/2019\/08\/Screenshot-2019-08-28-at-22.41.01-300x180.png 300w, http:\/\/wtr.waw.pl\/wp-content\/uploads\/2019\/08\/Screenshot-2019-08-28-at-22.41.01-768x460.png 768w, http:\/\/wtr.waw.pl\/wp-content\/uploads\/2019\/08\/Screenshot-2019-08-28-at-22.41.01-2000x1200.png 2000w\" sizes=\"auto, (max-width: 1024px) 100vw, 1024px\" \/><\/figure>\n\n\n\n<figure class=\"wp-block-image\"><img loading=\"lazy\" decoding=\"async\" width=\"1024\" height=\"639\" src=\"http:\/\/wtr.waw.pl\/wp-content\/uploads\/2019\/08\/Screenshot-2019-08-28-at-22.42.28-1024x639.png\" alt=\"\" class=\"wp-image-808\" srcset=\"http:\/\/wtr.waw.pl\/wp-content\/uploads\/2019\/08\/Screenshot-2019-08-28-at-22.42.28-1024x639.png 1024w, http:\/\/wtr.waw.pl\/wp-content\/uploads\/2019\/08\/Screenshot-2019-08-28-at-22.42.28-300x187.png 300w, http:\/\/wtr.waw.pl\/wp-content\/uploads\/2019\/08\/Screenshot-2019-08-28-at-22.42.28-768x479.png 768w\" sizes=\"auto, (max-width: 1024px) 100vw, 1024px\" \/><\/figure>\n\n\n\n<p style=\"text-align:right\">S\u0119dzia G\u0142\u00f3wny &#8211; Karol Pajka<\/p>\n","protected":false},"excerpt":{"rendered":"<p>Niepor\u0119t, 24-25 sierpnia 2019 roku S\u0119dzia G\u0142\u00f3wny &#8211; Karol Pajka<\/p>\n","protected":false},"author":1,"featured_media":567,"parent":0,"menu_order":0,"comment_status":"closed","ping_status":"closed","template":"","meta":{"footnotes":""},"class_list":["post-806","page","type-page","status-publish","has-post-thumbnail","hentry"],"_links":{"self":[{"href":"http:\/\/wtr.waw.pl\/index.php?rest_route=\/wp\/v2\/pages\/806","targetHints":{"allow":["GET"]}}],"collection":[{"href":"http:\/\/wtr.waw.pl\/index.php?rest_route=\/wp\/v2\/pages"}],"about":[{"href":"http:\/\/wtr.waw.pl\/index.php?rest_route=\/wp\/v2\/types\/page"}],"author":[{"embeddable":true,"href":"http:\/\/wtr.waw.pl\/index.php?rest_route=\/wp\/v2\/users\/1"}],"replies":[{"embeddable":true,"href":"http:\/\/wtr.waw.pl\/index.php?rest_route=%2Fwp%2Fv2%2Fcomments&post=806"}],"version-history":[{"count":1,"href":"http:\/\/wtr.waw.pl\/index.php?rest_route=\/wp\/v2\/pages\/806\/revisions"}],"predecessor-version":[{"id":809,"href":"http:\/\/wtr.waw.pl\/index.php?rest_route=\/wp\/v2\/pages\/806\/revisions\/809"}],"wp:featuredmedia":[{"embeddable":true,"href":"http:\/\/wtr.waw.pl\/index.php?rest_route=\/wp\/v2\/media\/567"}],"wp:attachment":[{"href":"http:\/\/wtr.waw.pl\/index.php?rest_route=%2Fwp%2Fv2%2Fmedia&parent=806"}],"curies":[{"name":"wp","href":"https:\/\/api.w.org\/{rel}","templated":true}]}}