{"id":800,"date":"2019-08-19T23:10:55","date_gmt":"2019-08-19T21:10:55","guid":{"rendered":"http:\/\/wtr.waw.pl\/?page_id=800"},"modified":"2019-08-19T23:14:57","modified_gmt":"2019-08-19T21:14:57","slug":"vi-edycja-regat-zeglarskich-na-wodach-zalewu-zegrzynskiego","status":"publish","type":"page","link":"http:\/\/wtr.waw.pl\/?page_id=800","title":{"rendered":"VI edycja regat \u017ceglarskich na wodach zalewu zegrzy\u0144skiego"},"content":{"rendered":"\n<p>W przed ostatni weekend sierpnia zapraszamy na emocjonuj\u0105ce wy\u015bcigi klas:<br>Nautica 450, Omega Sport, Omega Standard, Omega Turystyczna, Tango, klasy T.<br>Jak zawsze towarzyszy\u0107 nam b\u0119d\u0105 regaty Sailing Machine Cup edycja sierpniowa, kt\u00f3re zostan\u0105 rozegrane w klasach Omega MZ, RS Vision, RS Aero.<br>Ch\u0119tne klasy poza wymienionymi zapraszamy do zg\u0142oszenia.<br>Zapisy ONLINE rusz\u0105 1 sierpnia.<\/p>\n\n\n\n<p>Do ko\u0144ca tygodnia zamykamy tak\u017ce list\u0119 partner\u00f3w.<\/p>\n\n\n\n<p>Organizator<br>Mokroiwieje.pl<br>509797788<\/p>\n","protected":false},"excerpt":{"rendered":"<p>W przed ostatni weekend sierpnia zapraszamy na emocjonuj\u0105ce wy\u015bcigi klas:Nautica 450, Omega Sport, Omega Standard, Omega Turystyczna, Tango, klasy T.Jak zawsze towarzyszy\u0107 nam b\u0119d\u0105 regaty Sailing Machine Cup edycja sierpniowa, kt\u00f3re zostan\u0105 rozegrane w klasach Omega MZ, RS Vision, RS Aero.Ch\u0119tne klasy poza wymienionymi zapraszamy do zg\u0142oszenia.Zapisy ONLINE rusz\u0105 1 sierpnia. Do ko\u0144ca tygodnia zamykamy&#8230;<\/p>\n","protected":false},"author":1,"featured_media":569,"parent":0,"menu_order":0,"comment_status":"closed","ping_status":"closed","template":"","meta":{"footnotes":""},"class_list":["post-800","page","type-page","status-publish","has-post-thumbnail","hentry"],"_links":{"self":[{"href":"http:\/\/wtr.waw.pl\/index.php?rest_route=\/wp\/v2\/pages\/800","targetHints":{"allow":["GET"]}}],"collection":[{"href":"http:\/\/wtr.waw.pl\/index.php?rest_route=\/wp\/v2\/pages"}],"about":[{"href":"http:\/\/wtr.waw.pl\/index.php?rest_route=\/wp\/v2\/types\/page"}],"author":[{"embeddable":true,"href":"http:\/\/wtr.waw.pl\/index.php?rest_route=\/wp\/v2\/users\/1"}],"replies":[{"embeddable":true,"href":"http:\/\/wtr.waw.pl\/index.php?rest_route=%2Fwp%2Fv2%2Fcomments&post=800"}],"version-history":[{"count":1,"href":"http:\/\/wtr.waw.pl\/index.php?rest_route=\/wp\/v2\/pages\/800\/revisions"}],"predecessor-version":[{"id":801,"href":"http:\/\/wtr.waw.pl\/index.php?rest_route=\/wp\/v2\/pages\/800\/revisions\/801"}],"wp:featuredmedia":[{"embeddable":true,"href":"http:\/\/wtr.waw.pl\/index.php?rest_route=\/wp\/v2\/media\/569"}],"wp:attachment":[{"href":"http:\/\/wtr.waw.pl\/index.php?rest_route=%2Fwp%2Fv2%2Fmedia&parent=800"}],"curies":[{"name":"wp","href":"https:\/\/api.w.org\/{rel}","templated":true}]}}