{"id":735,"date":"2019-05-28T23:13:24","date_gmt":"2019-05-28T21:13:24","guid":{"rendered":"http:\/\/wtr.waw.pl\/?page_id=735"},"modified":"2019-05-29T08:09:13","modified_gmt":"2019-05-29T06:09:13","slug":"zawiadomienie-o-treningu-regatowym-w-65-ta-rocznice-zks-polonez-nieporet-08-09-06-2019","status":"publish","type":"page","link":"http:\/\/wtr.waw.pl\/?page_id=735","title":{"rendered":"Trening regatowy w 65-t\u0105 rocznic\u0119 \u017bKS POLONEZ"},"content":{"rendered":"\n<div class=\"wp-block-file\"><a href=\"http:\/\/wtr.waw.pl\/wp-content\/uploads\/2019\/05\/2019-06-08-Zgloszenie-na-trening-regatowy-v2-65-lecie.docx\">Formularz zg\u0142oszenia na trening regatowy<\/a><a href=\"http:\/\/wtr.waw.pl\/wp-content\/uploads\/2019\/05\/2019-06-08-Zgloszenie-na-trening-regatowy-v2-65-lecie.docx\" class=\"wp-block-file__button\" download>Pobierz<\/a><\/div>\n\n\n\n<table class=\"wp-block-table has-subtle-light-gray-background-color has-fixed-layout has-background\"><tbody><tr><td><strong>ZAWIADOMIENIE O TRENINGU REGATOWYM W 65-t\u0105 rocznic\u0119 \u017bKS POLONEZ<\/strong><\/td><\/tr><\/tbody><\/table>\n\n\n\n<ol class=\"wp-block-list\"><li>Impreza odb\u0119dzie si\u0119 w dniach: 08-09.06.2019 na Zalewie Zegrzy\u0144skim go\u015bcinnie w KS Sp\u00f3jnia Warszawa w Niepor\u0119cie.<\/li><li>Jachty startuj\u0105 w klasach: T2, Tango oraz Amatorskiej cz\u0142onk\u00f3w \u017bKS Polonez<\/li><li>Punktacja klas T2 i Tango jest zaliczana do Grand Prix Warszawy.<\/li><li>Obowi\u0105zuj\u0105 zasady:<ul><li>World Sailing 2017 \u2013 2020, PZ\u017b<\/li><li>przepis\u00f3w pomiarowych jednokad\u0142ubowych jacht\u00f3w kabinowych<\/li><li>zawarte w przepisach WTR 2014,<\/li><li>klas,<\/li><li>instrukcji \u017ceglugi i niniejszego zawiadomienia<\/li><\/ul><\/li><li>Zg\u0142oszenia w Porcie w dniu 08.06.2019 od godz. 9:30 do 10:30.<\/li><li>Odprawa sternik\u00f3w: 11:00. Godzina startu zostanie podana na odprawie.<\/li><li>Planowane jest max. 6 wy\u015bcig\u00f3w.<\/li><li>Wpisowe: 60 z\u0142 od jachtu oraz 20 z\u0142 od cz\u0142onka za\u0142ogi. Parking p\u0142atny na terenie kompleksu rekreacyjno-wypoczynkowego Niepor\u0119t-Pilawa.<\/li><li>Jachty powinny by\u0107 sprawne technicznie i posiada\u0107 wymagane wyposa\u017cenie zgodne z obowi\u0105zuj\u0105cymi przepisami.<\/li><li>Wszyscy uczestnicy bior\u0105 udzia\u0142 na w\u0142asn\u0105 odpowiedzialno\u015b\u0107. \u017badna z czynno\u015bci wykonanych lub niewykonanych przez organizator\u00f3w nie zwalnia uczestnik\u00f3w od ponoszenia odpowiedzialno\u015bci za jak\u0105kolwiek szkod\u0119 spowodowan\u0105 przez sternika, za\u0142og\u0119 lub jego jacht. Organizator nie przyjmuje \u017cadnej odpowiedzialno\u015bci za uszkodzenia sprz\u0119tu lub os\u00f3b.<\/li><li>Jachty powinny posiada\u0107 ubezpieczenie OC dla jacht\u00f3w bior\u0105cych udzia\u0142 w regatach.<\/li><li>Sternik i za\u0142oga jachtu wyra\u017caj\u0105 zgod\u0119 na bezp\u0142atne wykorzystanie przez Klub swego wizerunku na zdj\u0119ciach z imprezy oraz przetwarzanie swoich danych osobowych na potrzeby publikowania wynik\u00f3w na stronie Klubowej i FB oraz w publikacjach WTR.<\/li><\/ol>\n","protected":false},"excerpt":{"rendered":"<p>ZAWIADOMIENIE O TRENINGU REGATOWYM W 65-t\u0105 rocznic\u0119 \u017bKS POLONEZ Impreza odb\u0119dzie si\u0119 w dniach: 08-09.06.2019 na Zalewie Zegrzy\u0144skim go\u015bcinnie w KS Sp\u00f3jnia Warszawa w Niepor\u0119cie. Jachty startuj\u0105 w klasach: T2, Tango oraz Amatorskiej cz\u0142onk\u00f3w \u017bKS Polonez Punktacja klas T2 i Tango jest zaliczana do Grand Prix Warszawy. Obowi\u0105zuj\u0105 zasady: World Sailing 2017 \u2013 2020, PZ\u017b&#8230;<\/p>\n","protected":false},"author":1,"featured_media":568,"parent":0,"menu_order":0,"comment_status":"closed","ping_status":"closed","template":"","meta":{"footnotes":""},"class_list":["post-735","page","type-page","status-publish","has-post-thumbnail","hentry"],"_links":{"self":[{"href":"http:\/\/wtr.waw.pl\/index.php?rest_route=\/wp\/v2\/pages\/735","targetHints":{"allow":["GET"]}}],"collection":[{"href":"http:\/\/wtr.waw.pl\/index.php?rest_route=\/wp\/v2\/pages"}],"about":[{"href":"http:\/\/wtr.waw.pl\/index.php?rest_route=\/wp\/v2\/types\/page"}],"author":[{"embeddable":true,"href":"http:\/\/wtr.waw.pl\/index.php?rest_route=\/wp\/v2\/users\/1"}],"replies":[{"embeddable":true,"href":"http:\/\/wtr.waw.pl\/index.php?rest_route=%2Fwp%2Fv2%2Fcomments&post=735"}],"version-history":[{"count":17,"href":"http:\/\/wtr.waw.pl\/index.php?rest_route=\/wp\/v2\/pages\/735\/revisions"}],"predecessor-version":[{"id":765,"href":"http:\/\/wtr.waw.pl\/index.php?rest_route=\/wp\/v2\/pages\/735\/revisions\/765"}],"wp:featuredmedia":[{"embeddable":true,"href":"http:\/\/wtr.waw.pl\/index.php?rest_route=\/wp\/v2\/media\/568"}],"wp:attachment":[{"href":"http:\/\/wtr.waw.pl\/index.php?rest_route=%2Fwp%2Fv2%2Fmedia&parent=735"}],"curies":[{"name":"wp","href":"https:\/\/api.w.org\/{rel}","templated":true}]}}