{"id":728,"date":"2019-05-28T23:07:57","date_gmt":"2019-05-28T21:07:57","guid":{"rendered":"http:\/\/wtr.waw.pl\/?page_id=728"},"modified":"2019-05-29T08:08:01","modified_gmt":"2019-05-29T06:08:01","slug":"zaproszenie-na-trening-regatowy-w-70-ta-rocznice-klubu-sportowego-spojnia-warszawa","status":"publish","type":"page","link":"http:\/\/wtr.waw.pl\/?page_id=728","title":{"rendered":"Trening regatowy w 70-t\u0105 rocznic\u0119 Klubu Sportowego Sp\u00f3jnia Warszawa"},"content":{"rendered":"\n<table class=\"wp-block-table has-subtle-light-gray-background-color has-fixed-layout has-background\"><tbody><tr><td><strong>ZAPROSZENIE NA TRENING \u2013 REGATOWY w 70-t\u0105 rocznic\u0119 KLUBU<\/strong> <strong>SPORTOWEGO SP\u00d3JNIA WARSZAWA<\/strong><\/td><\/tr><\/tbody><\/table>\n\n\n\n<ol class=\"wp-block-list\"><li>Trening &#8211; regatowy odb\u0119dzie si\u0119 w dniach: 01-02.06.2019.<\/li><li>Trening odb\u0119dzie si\u0119 w Bazie Regatowej Sp\u00f3jni Warszawa.<\/li><li>Regaty s\u0105 zaliczane do Grand Prix Warszawy.<\/li><li>Regaty zostan\u0105 rozegrane w klasach: , T2, Tango.<\/li><li>Regaty odb\u0119d\u0105 si\u0119 wed\u0142ug przepis\u00f3w:<ul><li>MPR\u017b 2017 &#8211; 2020,<\/li><li>zasad zawartych w przepisach WTR 2014,<\/li><li>klas,<\/li><li>instrukcji \u017ceglugi i niniejszego zawiadomienia<\/li><\/ul><\/li><li>Zg\u0142oszenie do regat w porcie: 01.04.2019 od godz. 9:00 do 10:30.<\/li><li>Odprawa sternik\u00f3w: 11:00.<\/li><li>Przewidywane jest sze\u015b\u0107 wy\u015bcig\u00f3w, po rozegraniu jednego wy\u015bcigu regaty uznane b\u0119d\u0105 za rozegrane.<\/li><li>Kategoria regat \u201eC\u201d.<\/li><li>Wszyscy uczestnicy bior\u0105 udzia\u0142 w regatach na w\u0142asn\u0105 odpowiedzialno\u015b\u0107. \u017badna z czynno\u015bci wykonanych lub niewykonanych przez organizator\u00f3w nie zwalnia uczestnik\u00f3w regat od ponoszenia odpowiedzialno\u015bci za jak\u0105kolwiek szkod\u0119 spowodowan\u0105 przez zawodnika lub jego jacht wynikaj\u0105c\u0105 z udzia\u0142u w regatach.<\/li><li>Jachty startuj\u0105ce w regatach musz\u0105 posiada\u0107 OC zwi\u0105zane z regatami.<\/li><li>Odpowiedzialny za organizacj\u0119 regat:<br> <br><strong> GRZEGORZ GUZOWSKI 501 353 148<\/strong><\/li><\/ol>\n","protected":false},"excerpt":{"rendered":"<p>ZAPROSZENIE NA TRENING \u2013 REGATOWY w 70-t\u0105 rocznic\u0119 KLUBU SPORTOWEGO SP\u00d3JNIA WARSZAWA Trening &#8211; regatowy odb\u0119dzie si\u0119 w dniach: 01-02.06.2019. Trening odb\u0119dzie si\u0119 w Bazie Regatowej Sp\u00f3jni Warszawa. Regaty s\u0105 zaliczane do Grand Prix Warszawy. Regaty zostan\u0105 rozegrane w klasach: , T2, Tango. Regaty odb\u0119d\u0105 si\u0119 wed\u0142ug przepis\u00f3w: MPR\u017b 2017 &#8211; 2020, zasad zawartych w&#8230;<\/p>\n","protected":false},"author":1,"featured_media":568,"parent":0,"menu_order":0,"comment_status":"closed","ping_status":"closed","template":"","meta":{"footnotes":""},"class_list":["post-728","page","type-page","status-publish","has-post-thumbnail","hentry"],"_links":{"self":[{"href":"http:\/\/wtr.waw.pl\/index.php?rest_route=\/wp\/v2\/pages\/728","targetHints":{"allow":["GET"]}}],"collection":[{"href":"http:\/\/wtr.waw.pl\/index.php?rest_route=\/wp\/v2\/pages"}],"about":[{"href":"http:\/\/wtr.waw.pl\/index.php?rest_route=\/wp\/v2\/types\/page"}],"author":[{"embeddable":true,"href":"http:\/\/wtr.waw.pl\/index.php?rest_route=\/wp\/v2\/users\/1"}],"replies":[{"embeddable":true,"href":"http:\/\/wtr.waw.pl\/index.php?rest_route=%2Fwp%2Fv2%2Fcomments&post=728"}],"version-history":[{"count":4,"href":"http:\/\/wtr.waw.pl\/index.php?rest_route=\/wp\/v2\/pages\/728\/revisions"}],"predecessor-version":[{"id":764,"href":"http:\/\/wtr.waw.pl\/index.php?rest_route=\/wp\/v2\/pages\/728\/revisions\/764"}],"wp:featuredmedia":[{"embeddable":true,"href":"http:\/\/wtr.waw.pl\/index.php?rest_route=\/wp\/v2\/media\/568"}],"wp:attachment":[{"href":"http:\/\/wtr.waw.pl\/index.php?rest_route=%2Fwp%2Fv2%2Fmedia&parent=728"}],"curies":[{"name":"wp","href":"https:\/\/api.w.org\/{rel}","templated":true}]}}