{"id":583,"date":"2018-12-09T00:04:20","date_gmt":"2018-12-08T23:04:20","guid":{"rendered":"http:\/\/wtr.waw.pl\/?page_id=583"},"modified":"2025-09-25T11:53:40","modified_gmt":"2025-09-25T09:53:40","slug":"zawiadomienia-o-regatach","status":"publish","type":"page","link":"http:\/\/wtr.waw.pl\/?page_id=583","title":{"rendered":"Zawiadomienia o Regatach"},"content":{"rendered":"\n<p><strong><a href=\"http:\/\/wtr.waw.pl\/?page_id=1482\" data-type=\"page\" data-id=\"1482\">PUCHAR SZKO\u0141Y \u017bEGLARSTWA KLIWER 2025<\/a><\/strong><\/p>\n\n\n\n<p><strong><a href=\"http:\/\/wtr.waw.pl\/?page_id=1454\" data-type=\"page\" data-id=\"1454\">XVIII PUCHAR KLASY TANGO 2025<\/a><\/strong><\/p>\n\n\n\n<p><a href=\"http:\/\/wtr.waw.pl\/?page_id=1441\" data-type=\"page\" data-id=\"1441\"><strong>Mistrzostwa Warszawy Jacht\u00f3w Kabinowych i Otwartopok\u0142adowych 2025<\/strong><\/a><\/p>\n\n\n\n<p><a href=\"http:\/\/wtr.waw.pl\/?page_id=1427\" data-type=\"page\" data-id=\"1427\"><strong>Zawiadomienie o treningu regatowym Klubu Sportowego SP\u00d3JNIA Warszawa 2025<\/strong><\/a><\/p>\n\n\n\n<p><a href=\"http:\/\/wtr.waw.pl\/?page_id=1420\" data-type=\"page\" data-id=\"1420\"><strong>Trening Regatowy \u2013 Puchar \u017beglarskiego Klubu Sportowego \u201ePOLONEZ\u201d 2025<\/strong><\/a><\/p>\n\n\n\n<p><strong><a href=\"http:\/\/wtr.waw.pl\/?page_id=1333\" data-type=\"page\" data-id=\"1333\">Zawiadomienie o Regatach \u2013 Puchar Klasy Tango (Memoria\u0142 Witka Wasilewskiego)<\/a><\/strong><\/p>\n\n\n\n<p><a href=\"http:\/\/wtr.waw.pl\/?page_id=1314\" data-type=\"page\" data-id=\"1314\"><strong>Zawiadomienie o Regatach \u2013 Puchar Szko\u0142y \u017beglatstwa KLIWER<\/strong><\/a><\/p>\n\n\n\n<p><strong><a href=\"http:\/\/wtr.waw.pl\/?page_id=1307\" data-type=\"page\" data-id=\"1307\">Zawiadomienie o Regatach \u2013 Mistrzostwa Warszawy w klasie Sigma<\/a><\/strong><\/p>\n\n\n\n<p><a href=\"http:\/\/wtr.waw.pl\/?page_id=1297\" data-type=\"page\" data-id=\"1297\"><strong>Zawiadomienie o Regatach \u2013 Mistrzostwa Warszawy Jacht\u00f3w Kabinowych<\/strong><\/a><\/p>\n\n\n\n<p><strong><a href=\"http:\/\/wtr.waw.pl\/?page_id=1255\" data-type=\"page\" data-id=\"1255\">Zawiadomienie o treningu regatowym w ramach Pucharu Klubu Sportowego \u201eSp\u00f3jnia Warszawa\u201d<\/a><\/strong><\/p>\n\n\n\n<p><strong><a href=\"http:\/\/wtr.waw.pl\/?page_id=1241\">Zaproszenie na Regaty o Puchar Klubu Sportowego \u201eSp\u00f3jnia Warszawa\u201d<\/a><\/strong><\/p>\n\n\n\n<p><strong><a href=\"http:\/\/wtr.waw.pl\/?page_id=1227\" data-type=\"page\" data-id=\"1227\">Puchar Sailing Legia 17-18 czerwca 2023 r.<\/a><\/strong><\/p>\n\n\n\n<p><strong><a href=\"http:\/\/wtr.waw.pl\/?page_id=1195\" data-type=\"page\" data-id=\"1195\">Trening-Regaty PUCHAR WTR 24-25 wrze\u015bnia 2022 r.<\/a><\/strong><\/p>\n\n\n\n<p><strong><a href=\"http:\/\/wtr.waw.pl\/?page_id=1182\" data-type=\"page\" data-id=\"1182\">Puchar Klasy Tango &#8211; Memoria\u0142 Witka Wasilewskiego 17-18 wrze\u015bnia 2022 r.<\/a><\/strong><\/p>\n\n\n\n<p><strong><a href=\"http:\/\/wtr.waw.pl\/?page_id=1171\" data-type=\"URL\" data-id=\"http:\/\/wtr.waw.pl\/?page_id=1171\">Regaty o B\u0142\u0119kitn\u0105 Wst\u0119g\u0119 YKP WARSZAWA<\/a><\/strong><\/p>\n\n\n\n<p><strong><a href=\"http:\/\/wtr.waw.pl\/?page_id=1156\" data-type=\"page\">Mistrzostwa Warszawy Jacht\u00f3w Kabinowych 2022<\/a><\/strong><\/p>\n\n\n\n<p><strong><a href=\"http:\/\/wtr.waw.pl\/?page_id=1139\" data-type=\"page\" data-id=\"1139\">Zaproszenie na Uroczysto\u015b\u0107 Zako\u0144czenia \u017beglarskiego Grand Prix Warszawy 2020 i 2021<\/a><\/strong><\/p>\n\n\n\n<p><strong><a href=\"http:\/\/wtr.waw.pl\/?page_id=1086\" data-type=\"page\" data-id=\"1086\">Puchar Klasy TANGO &#8211; Memoria\u0142 Witka Wasilewskiego 2021<\/a><\/strong><\/p>\n\n\n\n<p><strong><a href=\"http:\/\/wtr.waw.pl\/?page_id=1078\" data-type=\"page\" data-id=\"1078\">Regaty o B\u0142\u0119kitn\u0105 Wst\u0119g\u0119 YKP Warszawa 2021<\/a><\/strong><\/p>\n\n\n\n<p><a href=\"http:\/\/wtr.waw.pl\/?page_id=1067\" data-type=\"page\" data-id=\"1067\"><strong>Mistrzostwa Warszawy Jacht\u00f3w Kabinowych 2021<\/strong><\/a><\/p>\n\n\n\n<p><a href=\"http:\/\/wtr.waw.pl\/?p=1058\"><strong>Regaty Przystani Mi\u0119dzy \u017baglami 2021<\/strong><\/a><\/p>\n\n\n\n<p><strong><a href=\"http:\/\/wtr.waw.pl\/?page_id=1006\">ZAWIADOMIENIE O TRENINGU REGATOWYM \u017bKS POLONEZ 2020<\/a><\/strong><\/p>\n\n\n\n<p><a href=\"http:\/\/wtr.waw.pl\/?page_id=1000\"><strong>Trening-Regaty PUCHAR KLASY TANGO MEMORIA\u0141 WITKA WASILEWSKIEGO 26-27 wrze\u015bnia 2020 r.<\/strong><\/a><\/p>\n\n\n\n<p><a href=\"http:\/\/wtr.waw.pl\/?page_id=977\"><strong>Trening-Regaty PUCHAR WTR<\/strong><\/a><\/p>\n\n\n\n<p><a href=\"http:\/\/wtr.waw.pl\/?page_id=968\"><strong>Regaty o B\u0142\u0119kitn\u0105 Wst\u0119g\u0119 YKP WARSZAWA (Jadwisin 19 wrze\u015bnia 2020 r.)<\/strong><\/a><\/p>\n\n\n\n<p><a href=\"http:\/\/wtr.waw.pl\/?p=942\"><strong>Zaproszenie na Trening Regatowy o Puchar Guzexu<\/strong><\/a><\/p>\n\n\n\n<p><strong><a href=\"http:\/\/wtr.waw.pl\/?p=922\">Mistrzostwa Warszawy Jacht\u00f3w Kabinowych (5-6.09.2020)<\/a><\/strong><\/p>\n\n\n\n<p><strong><a href=\"http:\/\/wtr.waw.pl\/?page_id=864\">Trening-Regaty PUCHAR WTR<\/a><\/strong><\/p>\n\n\n\n<p><strong><a href=\"http:\/\/wtr.waw.pl\/?page_id=849\">Regaty o B\u0142\u0119kitn\u0105 Wst\u0119g\u0119 YKP WARSZAWA<\/a><\/strong><\/p>\n\n\n\n<p><strong><a href=\"http:\/\/wtr.waw.pl\/?page_id=820\">Puchar Klasy Tango<\/a><\/strong><a href=\"http:\/\/wtr.waw.pl\/?page_id=820\"> &#8211; <\/a><strong><a href=\"http:\/\/wtr.waw.pl\/?page_id=820\">Memoria\u0142 Witka Wasilewskiego<\/a><\/strong><\/p>\n\n\n\n<p><a href=\"http:\/\/wtr.waw.pl\/?page_id=800\"><strong>VI edycja regat \u017ceglarskich na wodach zalewu zegrzy\u0144skiego<\/strong><\/a><\/p>\n\n\n\n<p><strong><a href=\"http:\/\/wtr.waw.pl\/?page_id=728\">Zaproszenie na trening regatowy w 70-t\u0105 rocznic\u0119 Klubu Sportowego  Sp\u00f3jnia Warszawa<\/a><\/strong><\/p>\n\n\n\n<p><a href=\"http:\/\/wtr.waw.pl\/?page_id=735\">Z<\/a><strong><a href=\"http:\/\/wtr.waw.pl\/?page_id=735\">awiadomienie o treningu regatowym w 65-t\u0105 rocznic\u0119 \u017bKS Polonez<\/a><\/strong><a href=\"http:\/\/wtr.waw.pl\/?page_id=735\"> (<\/a><strong><a href=\"http:\/\/wtr.waw.pl\/?page_id=735\">Niepor\u0119t 08-09.06.2019<\/a><\/strong><a href=\"http:\/\/wtr.waw.pl\/?page_id=735\">)<\/a><\/p>\n\n\n\n<p><a href=\"http:\/\/wtr.waw.pl\/?p=776\"><strong>Zawiadomienie o II Regatach z Cyklu Sailing Machine Cup 2019<\/strong><\/a><\/p>\n","protected":false},"excerpt":{"rendered":"<p>PUCHAR SZKO\u0141Y \u017bEGLARSTWA KLIWER 2025 XVIII PUCHAR KLASY TANGO 2025 Mistrzostwa Warszawy Jacht\u00f3w Kabinowych i Otwartopok\u0142adowych 2025 Zawiadomienie o treningu regatowym Klubu Sportowego SP\u00d3JNIA Warszawa 2025 Trening Regatowy \u2013 Puchar \u017beglarskiego Klubu Sportowego \u201ePOLONEZ\u201d 2025 Zawiadomienie o Regatach \u2013 Puchar Klasy Tango (Memoria\u0142 Witka Wasilewskiego) Zawiadomienie o Regatach \u2013 Puchar Szko\u0142y \u017beglatstwa KLIWER Zawiadomienie o&#8230;<\/p>\n","protected":false},"author":1,"featured_media":603,"parent":0,"menu_order":0,"comment_status":"closed","ping_status":"closed","template":"","meta":{"footnotes":""},"class_list":["post-583","page","type-page","status-publish","has-post-thumbnail","hentry"],"_links":{"self":[{"href":"http:\/\/wtr.waw.pl\/index.php?rest_route=\/wp\/v2\/pages\/583","targetHints":{"allow":["GET"]}}],"collection":[{"href":"http:\/\/wtr.waw.pl\/index.php?rest_route=\/wp\/v2\/pages"}],"about":[{"href":"http:\/\/wtr.waw.pl\/index.php?rest_route=\/wp\/v2\/types\/page"}],"author":[{"embeddable":true,"href":"http:\/\/wtr.waw.pl\/index.php?rest_route=\/wp\/v2\/users\/1"}],"replies":[{"embeddable":true,"href":"http:\/\/wtr.waw.pl\/index.php?rest_route=%2Fwp%2Fv2%2Fcomments&post=583"}],"version-history":[{"count":69,"href":"http:\/\/wtr.waw.pl\/index.php?rest_route=\/wp\/v2\/pages\/583\/revisions"}],"predecessor-version":[{"id":1486,"href":"http:\/\/wtr.waw.pl\/index.php?rest_route=\/wp\/v2\/pages\/583\/revisions\/1486"}],"wp:featuredmedia":[{"embeddable":true,"href":"http:\/\/wtr.waw.pl\/index.php?rest_route=\/wp\/v2\/media\/603"}],"wp:attachment":[{"href":"http:\/\/wtr.waw.pl\/index.php?rest_route=%2Fwp%2Fv2%2Fmedia&parent=583"}],"curies":[{"name":"wp","href":"https:\/\/api.w.org\/{rel}","templated":true}]}}