{"id":149,"date":"2018-12-08T16:41:48","date_gmt":"2018-12-08T15:41:48","guid":{"rendered":"http:\/\/wtr.waw.pl\/?page_id=149"},"modified":"2025-09-25T10:56:49","modified_gmt":"2025-09-25T08:56:49","slug":"wyniki-regat","status":"publish","type":"page","link":"http:\/\/wtr.waw.pl\/?page_id=149","title":{"rendered":"Wyniki Regat"},"content":{"rendered":"\n<p><a href=\"http:\/\/wtr.waw.pl\/?page_id=1470\" data-type=\"page\" data-id=\"1470\"><strong>Wyniki regat o Puchar WTR 2025<\/strong><\/a><\/p>\n\n\n\n<p><strong><a href=\"http:\/\/wtr.waw.pl\/?page_id=1463\" data-type=\"page\" data-id=\"1463\">Wyniki regat o B\u0142e\u0328kitna\u0328 wste\u0328ge\u0328 YKP 2025<\/a><\/strong><\/p>\n\n\n\n<p><strong><a href=\"http:\/\/wtr.waw.pl\/?page_id=1326\" data-type=\"page\" data-id=\"1326\">Wyniki Regat \u2013 B\u0142\u0119kitna Wst\u0119ga YKP 2023<\/a><\/strong><\/p>\n\n\n\n<p><a href=\"http:\/\/wtr.waw.pl\/?page_id=1288\" data-type=\"page\" data-id=\"1288\"><strong>Wyniki Regat o Puchar Sp\u00f3jni 2023<\/strong><\/a><\/p>\n\n\n\n<p><strong><a href=\"http:\/\/wtr.waw.pl\/?page_id=1263\" data-type=\"page\" data-id=\"1263\">Wyniki Regat &#8211; Puchar Klubu Sailing Legia<\/a><\/strong><\/p>\n\n\n\n<p><strong><a href=\"http:\/\/wtr.waw.pl\/?page_id=1205\" data-type=\"page\" data-id=\"1205\">Wyniki Regat &#8211; Puchar WTR 2022<\/a><\/strong><\/p>\n\n\n\n<p><strong><a href=\"http:\/\/wtr.waw.pl\/?page_id=1126\" data-type=\"page\" data-id=\"1126\">Wyniki Regat &#8211; Puchar Klasy Tango 2021<\/a><\/strong><\/p>\n\n\n\n<p><a href=\"http:\/\/wtr.waw.pl\/?page_id=1117\" data-type=\"page\" data-id=\"1117\"><strong>Regaty o B\u0142\u0119kitn\u0105 Wst\u0119g\u0119 YKP WARSZAWA<\/strong> <strong>2021<\/strong><\/a><\/p>\n\n\n\n<p><strong><a href=\"http:\/\/wtr.waw.pl\/?page_id=1109\" data-type=\"page\" data-id=\"1109\">Mistrzostwa Warszawy 2021<\/a><\/strong><\/p>\n\n\n\n<p><strong><a href=\"http:\/\/wtr.waw.pl\/?page_id=1099\" data-type=\"page\" data-id=\"1099\">Guzex 2021<\/a><\/strong><\/p>\n\n\n\n<p><a href=\"http:\/\/wtr.waw.pl\/wp-content\/uploads\/2021\/02\/20210130_WTR_SR_v1_rozkl.pdf\"><strong>Wyniki Sezonu 2020<\/strong><\/a><\/p>\n\n\n\n<p><a href=\"http:\/\/wtr.waw.pl\/?page_id=1024\"><strong>Wyniki Regat: Puchar Klasy Tango<\/strong><\/a><\/p>\n\n\n\n<p><a href=\"http:\/\/wtr.waw.pl\/?page_id=991\"><strong>Wyniki Regat: Puchar WTR<\/strong><\/a><\/p>\n\n\n\n<p><a href=\"http:\/\/wtr.waw.pl\/?page_id=983\"><strong>Wyniki Regat o Puchar Guzexu (12-13.09.2020)<\/strong><\/a><\/p>\n\n\n\n<p><a href=\"http:\/\/wtr.waw.pl\/?page_id=947\"><strong>Wyniki Mistrzostw Warszawy Jacht\u00f3w Kabinowych (5-9.09.2020)<\/strong><\/a><\/p>\n\n\n\n<p><a href=\"http:\/\/wtr.waw.pl\/?p=933\"><strong>Wyniki Regat Przystani Mi\u0119dzy \u017baglami (Niepor\u0119t 29-30 sierpnia 2020 roku)<\/strong><\/a><\/p>\n\n\n\n<p><strong><a href=\"http:\/\/wtr.waw.pl\/?page_id=879\">Wyniki Regat WTR 2019<\/a><\/strong><\/p>\n\n\n\n<p><strong><a href=\"http:\/\/wtr.waw.pl\/?p=876\">Wyniki Regat o B\u0142\u0119kitn\u0105 Wst\u0119g\u0119 YKP WARSZAWA<\/a><\/strong><\/p>\n\n\n\n<p><a href=\"http:\/\/wtr.waw.pl\/?page_id=857\"><strong>Wyniki XII Regat o Puchar Klasy Tango<\/strong><\/a><\/p>\n\n\n\n<p><a href=\"http:\/\/wtr.waw.pl\/?page_id=837\"><strong>Wyniki Mistrzostw Warszawy Jacht\u00f3w Kabinowych<\/strong><\/a><\/p>\n\n\n\n<p><strong><a href=\"http:\/\/wtr.waw.pl\/?p=811\">Wyniki Regat Warsaw Sailing Days 2019<\/a><\/strong><\/p>\n\n\n\n<p><strong><a href=\"http:\/\/wtr.waw.pl\/?page_id=767\">Wyniki Regat o Puchar Sp\u00f3jni Warszawa (70-lecie US Sp\u00f3jnia)<\/a><\/strong><\/p>\n\n\n\n<p><strong><a href=\"http:\/\/wtr.waw.pl\/?page_id=782\">Wyniki II Regat z Cyklu Sailing Machine Cup 2019<\/a><\/strong><\/p>\n","protected":false},"excerpt":{"rendered":"<p>Wyniki regat o Puchar WTR 2025 Wyniki regat o B\u0142e\u0328kitna\u0328 wste\u0328ge\u0328 YKP 2025 Wyniki Regat \u2013 B\u0142\u0119kitna Wst\u0119ga YKP 2023 Wyniki Regat o Puchar Sp\u00f3jni 2023 Wyniki Regat &#8211; Puchar Klubu Sailing Legia Wyniki Regat &#8211; Puchar WTR 2022 Wyniki Regat &#8211; Puchar Klasy Tango 2021 Regaty o B\u0142\u0119kitn\u0105 Wst\u0119g\u0119 YKP WARSZAWA 2021 Mistrzostwa Warszawy&#8230;<\/p>\n","protected":false},"author":1,"featured_media":91,"parent":0,"menu_order":0,"comment_status":"closed","ping_status":"closed","template":"","meta":{"footnotes":""},"class_list":["post-149","page","type-page","status-publish","has-post-thumbnail","hentry"],"_links":{"self":[{"href":"http:\/\/wtr.waw.pl\/index.php?rest_route=\/wp\/v2\/pages\/149","targetHints":{"allow":["GET"]}}],"collection":[{"href":"http:\/\/wtr.waw.pl\/index.php?rest_route=\/wp\/v2\/pages"}],"about":[{"href":"http:\/\/wtr.waw.pl\/index.php?rest_route=\/wp\/v2\/types\/page"}],"author":[{"embeddable":true,"href":"http:\/\/wtr.waw.pl\/index.php?rest_route=\/wp\/v2\/users\/1"}],"replies":[{"embeddable":true,"href":"http:\/\/wtr.waw.pl\/index.php?rest_route=%2Fwp%2Fv2%2Fcomments&post=149"}],"version-history":[{"count":29,"href":"http:\/\/wtr.waw.pl\/index.php?rest_route=\/wp\/v2\/pages\/149\/revisions"}],"predecessor-version":[{"id":1477,"href":"http:\/\/wtr.waw.pl\/index.php?rest_route=\/wp\/v2\/pages\/149\/revisions\/1477"}],"wp:featuredmedia":[{"embeddable":true,"href":"http:\/\/wtr.waw.pl\/index.php?rest_route=\/wp\/v2\/media\/91"}],"wp:attachment":[{"href":"http:\/\/wtr.waw.pl\/index.php?rest_route=%2Fwp%2Fv2%2Fmedia&parent=149"}],"curies":[{"name":"wp","href":"https:\/\/api.w.org\/{rel}","templated":true}]}}