{"id":146,"date":"2018-12-08T16:40:37","date_gmt":"2018-12-08T15:40:37","guid":{"rendered":"http:\/\/wtr.waw.pl\/?page_id=146"},"modified":"2019-02-04T23:21:33","modified_gmt":"2019-02-04T22:21:33","slug":"kontakt","status":"publish","type":"page","link":"http:\/\/wtr.waw.pl\/?page_id=146","title":{"rendered":"Kontakt"},"content":{"rendered":"\n<table class=\"wp-block-table\"><tbody><tr><td><b>Stowarzyszenie<\/b>\t\t\t<\/td><\/tr><\/tbody><\/table>\n\n\n\n<table class=\"wp-block-table\"><tbody><tr><td><strong>Adres:<\/strong><br>02-495 Warszawa  Ursus,  ul. Prawnicza 88<br>NIP:522-25-35-388<br>Regon:016237824<br>Ewidencja stowarzysze\u0144 kultury fizycznej nieprowadz\u0105cych dzia\u0142alno\u015bci gospodarczej nr. poz. 93<br><br><strong>Adres e-mail:<\/strong><br><a href=\"mailto:jacek.paluszkiewicz@wp.pl\">jacek.paluszkiewicz@wp.pl<\/a><br><br><strong>Telefon (Jacek Paluszkiewicz):<\/strong><br>+48 609 442 424<br><br><strong>Adres do korespondencji:<\/strong><br>05-820 Piast\u00f3w ul. Powsta\u0144c\u00f3w Warszawy 2<br>Telefon:(022) 723-37-33<br>Fax:(022) 723-37-33<strong><br><br>Konto bankowe:<\/strong> Bank Sp\u00f3\u0142dzielczy w Wyszkowie nr rach.: 68 89310003 0731 7017 2000 0001<br><\/td><\/tr><\/tbody><\/table>\n","protected":false},"excerpt":{"rendered":"<p>Stowarzyszenie Adres:02-495 Warszawa Ursus, ul. Prawnicza 88NIP:522-25-35-388Regon:016237824Ewidencja stowarzysze\u0144 kultury fizycznej nieprowadz\u0105cych dzia\u0142alno\u015bci gospodarczej nr. poz. 93 Adres e-mail:jacek.paluszkiewicz@wp.pl Telefon (Jacek Paluszkiewicz):+48 609 442 424 Adres do korespondencji:05-820 Piast\u00f3w ul. Powsta\u0144c\u00f3w Warszawy 2Telefon:(022) 723-37-33Fax:(022) 723-37-33 Konto bankowe: Bank Sp\u00f3\u0142dzielczy w Wyszkowie nr rach.: 68 89310003 0731 7017 2000 0001<\/p>\n","protected":false},"author":1,"featured_media":147,"parent":0,"menu_order":0,"comment_status":"closed","ping_status":"closed","template":"","meta":{"footnotes":""},"class_list":["post-146","page","type-page","status-publish","has-post-thumbnail","hentry"],"_links":{"self":[{"href":"http:\/\/wtr.waw.pl\/index.php?rest_route=\/wp\/v2\/pages\/146","targetHints":{"allow":["GET"]}}],"collection":[{"href":"http:\/\/wtr.waw.pl\/index.php?rest_route=\/wp\/v2\/pages"}],"about":[{"href":"http:\/\/wtr.waw.pl\/index.php?rest_route=\/wp\/v2\/types\/page"}],"author":[{"embeddable":true,"href":"http:\/\/wtr.waw.pl\/index.php?rest_route=\/wp\/v2\/users\/1"}],"replies":[{"embeddable":true,"href":"http:\/\/wtr.waw.pl\/index.php?rest_route=%2Fwp%2Fv2%2Fcomments&post=146"}],"version-history":[{"count":9,"href":"http:\/\/wtr.waw.pl\/index.php?rest_route=\/wp\/v2\/pages\/146\/revisions"}],"predecessor-version":[{"id":634,"href":"http:\/\/wtr.waw.pl\/index.php?rest_route=\/wp\/v2\/pages\/146\/revisions\/634"}],"wp:featuredmedia":[{"embeddable":true,"href":"http:\/\/wtr.waw.pl\/index.php?rest_route=\/wp\/v2\/media\/147"}],"wp:attachment":[{"href":"http:\/\/wtr.waw.pl\/index.php?rest_route=%2Fwp%2Fv2%2Fmedia&parent=146"}],"curies":[{"name":"wp","href":"https:\/\/api.w.org\/{rel}","templated":true}]}}