{"id":1454,"date":"2025-09-16T18:13:12","date_gmt":"2025-09-16T16:13:12","guid":{"rendered":"http:\/\/wtr.waw.pl\/?page_id=1454"},"modified":"2025-09-16T18:17:55","modified_gmt":"2025-09-16T16:17:55","slug":"xviii-puchar-klasy-tango-2025","status":"publish","type":"page","link":"http:\/\/wtr.waw.pl\/?page_id=1454","title":{"rendered":"XVIII PUCHAR KLASY TANGO 2025"},"content":{"rendered":"\n<p class=\"has-text-align-center has-medium-font-size\"><strong>XVIII PUCHAR KLASY TANGO<\/strong><br><strong>Memoria\u0142 Andrzeja Skrzata<\/strong><br><strong>Memoria\u0142 Witka Wasilewskiego<\/strong><br><br><strong>27-28 wrze\u015bnia 2025 r.<\/strong><\/p>\n\n\n\n<p class=\"has-text-align-center has-medium-font-size\"><strong>Zawiadomienie<\/strong><\/p>\n\n\n\n<p>1. Regaty odb\u0119d\u0105 si\u0119 w dniach 27-28.09.2025 r. na Zalewie Zegrzy\u0144skim.<\/p>\n\n\n\n<p>2. Organizatorem regat jest Stowarzyszenie Klasy TANGO.<\/p>\n\n\n\n<p>3. Miejsce regat \u2013 KS SP\u00d3JNIA, Niepor\u0119t.<\/p>\n\n\n\n<p>4. Regaty rozegrane b\u0119d\u0105 w klasach: T2 i Tango (oraz inne klasy po zg\u0142oszeniu do \u00a7Organizatora regat) zgodnie z Przepisami Regatowymi \u017beglarstwa World Sailing 2025-2028, przepisami klasowymi, Instrukcj\u0105 \u017beglugi i niniejszym zawiadomieniem.<\/p>\n\n\n\n<p>5. Instrukcja \u017beglugi dost\u0119pna b\u0119dzie dla zawodnik\u00f3w w chwili zg\u0142oszenia.<\/p>\n\n\n\n<p>6. Jacht powinien posiada\u0107 ubezpieczenie OC oraz znaki identyfikacyjne na \u017caglu.<\/p>\n\n\n\n<p>7. Przewiduje si\u0119 rozegranie 6 wy\u015bcig\u00f3w, w tym wy\u015bcigi memoria\u0142owe.<\/p>\n\n\n\n<p>8. Regaty zaliczane s\u0105 do cyklu \u017beglarskiego Grand Prix Warszawy.<\/p>\n\n\n\n<p>9. Zg\u0142oszenia zawodnik\u00f3w do regat przyjmowane b\u0119d\u0105 na drukach dostarczonych przez organizatora w dniu 27.09.2025r. od godz. 9:30 do godz. 10:00.<\/p>\n\n\n\n<p>10. Wpisowe do regat w wysoko\u015bci 100,00 z\u0142 od jachtu i 30,00z\u0142 od osoby.<\/p>\n\n\n\n<p>11. Otwarcie regat i odprawa sternik\u00f3w w dniu 27.09.2025 r. o godz. 10:30, start do pierwszego wy\u015bcigu przewidziany jest na godz. 11:30. Zako\u0144czenie imprezy planowane jest 28.09.2025r. oko\u0142o godz. 15:00.<\/p>\n\n\n\n<p>12. Wszyscy uczestnicy bior\u0105 udzia\u0142 w regatach na w\u0142asn\u0105 odpowiedzialno\u015b\u0107.<br>\u017badna z czynno\u015bci wykonana lub niewykonana przez organizatora nie zwalnia uczestnik\u00f3w regat od ponoszenia odpowiedzialno\u015bci za spowodowan\u0105 szkod\u0119 wynikaj\u0105c z udzia\u0142u w regatach.<\/p>\n\n\n\n<p><em>ORGANIZATOR<\/em><\/p>\n\n\n\n<p>Stowarzyszenie Klasy TANGO<\/p>\n","protected":false},"excerpt":{"rendered":"<p>XVIII PUCHAR KLASY TANGOMemoria\u0142 Andrzeja SkrzataMemoria\u0142 Witka Wasilewskiego 27-28 wrze\u015bnia 2025 r. Zawiadomienie 1. Regaty odb\u0119d\u0105 si\u0119 w dniach 27-28.09.2025 r. na Zalewie Zegrzy\u0144skim. 2. Organizatorem regat jest Stowarzyszenie Klasy TANGO. 3. Miejsce regat \u2013 KS SP\u00d3JNIA, Niepor\u0119t. 4. Regaty rozegrane b\u0119d\u0105 w klasach: T2 i Tango (oraz inne klasy po zg\u0142oszeniu do \u00a7Organizatora regat)&#8230;<\/p>\n","protected":false},"author":1,"featured_media":437,"parent":0,"menu_order":0,"comment_status":"closed","ping_status":"closed","template":"","meta":{"footnotes":""},"class_list":["post-1454","page","type-page","status-publish","has-post-thumbnail","hentry"],"_links":{"self":[{"href":"http:\/\/wtr.waw.pl\/index.php?rest_route=\/wp\/v2\/pages\/1454","targetHints":{"allow":["GET"]}}],"collection":[{"href":"http:\/\/wtr.waw.pl\/index.php?rest_route=\/wp\/v2\/pages"}],"about":[{"href":"http:\/\/wtr.waw.pl\/index.php?rest_route=\/wp\/v2\/types\/page"}],"author":[{"embeddable":true,"href":"http:\/\/wtr.waw.pl\/index.php?rest_route=\/wp\/v2\/users\/1"}],"replies":[{"embeddable":true,"href":"http:\/\/wtr.waw.pl\/index.php?rest_route=%2Fwp%2Fv2%2Fcomments&post=1454"}],"version-history":[{"count":3,"href":"http:\/\/wtr.waw.pl\/index.php?rest_route=\/wp\/v2\/pages\/1454\/revisions"}],"predecessor-version":[{"id":1458,"href":"http:\/\/wtr.waw.pl\/index.php?rest_route=\/wp\/v2\/pages\/1454\/revisions\/1458"}],"wp:featuredmedia":[{"embeddable":true,"href":"http:\/\/wtr.waw.pl\/index.php?rest_route=\/wp\/v2\/media\/437"}],"wp:attachment":[{"href":"http:\/\/wtr.waw.pl\/index.php?rest_route=%2Fwp%2Fv2%2Fmedia&parent=1454"}],"curies":[{"name":"wp","href":"https:\/\/api.w.org\/{rel}","templated":true}]}}