{"id":144,"date":"2018-12-08T16:36:03","date_gmt":"2018-12-08T15:36:03","guid":{"rendered":"http:\/\/wtr.waw.pl\/?page_id=144"},"modified":"2020-09-10T12:31:12","modified_gmt":"2020-09-10T10:31:12","slug":"kalendarz","status":"publish","type":"page","link":"http:\/\/wtr.waw.pl\/?page_id=144","title":{"rendered":"Kalendarz Regat 2020"},"content":{"rendered":"\n<h2 class=\"wp-block-heading\" style=\"text-align:center\">Kalendarz Regat 2020<\/h2>\n\n\n\n<table class=\"wp-block-table aligncenter has-subtle-pale-blue-background-color has-fixed-layout has-background is-style-stripes\"><tbody><tr><td>13-14 Czerwca<\/td><td>Puchar Klasy TANGO<\/td><td>Niepor\u0119t<\/td><\/tr><tr><td>20-21 Czerwca<\/td><td>Puchar POLONEZA<\/td><td>Niepor\u0119t<\/td><\/tr><tr><td>27-28 Czerwca<\/td><td>Puchar BLUE YACHT<\/td><td>Niepor\u0119t<\/td><\/tr><tr><td>05-06 Wrze\u015bnia<\/td><td>MISTRZOSTWA WARSZAWY<\/td><td>Niepor\u0119t<\/td><\/tr><tr><td>12-13 Wrze\u015bnia<\/td><td>Puchar GUZEXU<\/td><td>Niepor\u0119t<\/td><\/tr><tr><td>19 Wrze\u015bnia<\/td><td>B\u0142\u0119kitna Wst\u0119ga YKP<\/td><td>Jadwisin<\/td><\/tr><tr><td>20 Wrze\u015bnia<\/td><td>Puchar WTR<\/td><td>Niepor\u0119t<\/td><\/tr><tr><td>26-27 Wrze\u015bnia<\/td><td>Puchar Klasy Tango, Memoria\u0142 Witka Wasilewskiego<\/td><td><\/td><\/tr><tr><td>03-04 Pa\u017adziernika<\/td><td>Puchar \u017bKS Polonez<\/td><td><\/td><\/tr><\/tbody><\/table>\n","protected":false},"excerpt":{"rendered":"<p>Kalendarz Regat 2020 13-14 Czerwca Puchar Klasy TANGO Niepor\u0119t 20-21 Czerwca Puchar POLONEZA Niepor\u0119t 27-28 Czerwca Puchar BLUE YACHT Niepor\u0119t 05-06 Wrze\u015bnia MISTRZOSTWA WARSZAWY Niepor\u0119t 12-13 Wrze\u015bnia Puchar GUZEXU Niepor\u0119t 19 Wrze\u015bnia B\u0142\u0119kitna Wst\u0119ga YKP Jadwisin 20 Wrze\u015bnia Puchar WTR Niepor\u0119t 26-27 Wrze\u015bnia Puchar Klasy Tango, Memoria\u0142 Witka Wasilewskiego 03-04 Pa\u017adziernika Puchar \u017bKS Polonez<\/p>\n","protected":false},"author":1,"featured_media":160,"parent":0,"menu_order":0,"comment_status":"closed","ping_status":"closed","template":"","meta":{"footnotes":""},"class_list":["post-144","page","type-page","status-publish","has-post-thumbnail","hentry"],"_links":{"self":[{"href":"http:\/\/wtr.waw.pl\/index.php?rest_route=\/wp\/v2\/pages\/144","targetHints":{"allow":["GET"]}}],"collection":[{"href":"http:\/\/wtr.waw.pl\/index.php?rest_route=\/wp\/v2\/pages"}],"about":[{"href":"http:\/\/wtr.waw.pl\/index.php?rest_route=\/wp\/v2\/types\/page"}],"author":[{"embeddable":true,"href":"http:\/\/wtr.waw.pl\/index.php?rest_route=\/wp\/v2\/users\/1"}],"replies":[{"embeddable":true,"href":"http:\/\/wtr.waw.pl\/index.php?rest_route=%2Fwp%2Fv2%2Fcomments&post=144"}],"version-history":[{"count":42,"href":"http:\/\/wtr.waw.pl\/index.php?rest_route=\/wp\/v2\/pages\/144\/revisions"}],"predecessor-version":[{"id":962,"href":"http:\/\/wtr.waw.pl\/index.php?rest_route=\/wp\/v2\/pages\/144\/revisions\/962"}],"wp:featuredmedia":[{"embeddable":true,"href":"http:\/\/wtr.waw.pl\/index.php?rest_route=\/wp\/v2\/media\/160"}],"wp:attachment":[{"href":"http:\/\/wtr.waw.pl\/index.php?rest_route=%2Fwp%2Fv2%2Fmedia&parent=144"}],"curies":[{"name":"wp","href":"https:\/\/api.w.org\/{rel}","templated":true}]}}