{"id":1378,"date":"2024-09-17T10:35:35","date_gmt":"2024-09-17T08:35:35","guid":{"rendered":"http:\/\/wtr.waw.pl\/?page_id=1378"},"modified":"2024-09-17T10:41:53","modified_gmt":"2024-09-17T08:41:53","slug":"trening-regatowy-puchar-75-lecia-klubu-sportowego-spojnia-warszawa","status":"publish","type":"page","link":"http:\/\/wtr.waw.pl\/?page_id=1378","title":{"rendered":"Trening Regatowy &#8211; Puchar 75-lecia Klubu Sportowego SP\u00d3JNIA Warszawa"},"content":{"rendered":"\n<p class=\"s3\">Zawiadomienie<\/p>\n\n\n\n<p class=\"s3\">trening regatowy<\/p>\n\n\n\n<p class=\"s3\">Puchar 75-lecia Klubu Sportowego SP\u00d3JNIA Warszawa<\/p>\n\n\n\n<p class=\"s3\">&nbsp;<\/p>\n\n\n\n<p>1.&nbsp;Trening odb\u0119dzie si\u0119 28-29 wrze\u015bnia 2024 r. w bazie regatowo- szkoleniowej KS Sp\u00f3jnia w Niepor\u0119cie<\/p>\n\n\n\n<p>2.&nbsp;Akwen \u2013 Zalew Zegrzy\u0144ski<\/p>\n\n\n\n<p>3.&nbsp;Przewidywane klasy : T2, Tango, &nbsp;Turystyczna(armatorska)<\/p>\n\n\n\n<p>4.&nbsp;Klasy nie wymienione w zawiadomieniu winny zg\u0142osi\u0107 &nbsp;ch\u0119\u0107 uczestnictwa na 7 dni przed treningiem regatowym.<\/p>\n\n\n\n<p>5.&nbsp;Trening regatowy jest zaliczany do klasyfikacji Grand Prix Warszawy w klasach &nbsp;T 2, Tango<\/p>\n\n\n\n<p>6.&nbsp;Trening regatowy odb\u0119dzie si\u0119 wed\u0142ug przepis\u00f3w :<\/p>\n\n\n\n<p class=\"s6\">&#8211; &nbsp;PZ\u017b 2021-2024 klasowych , regulaminu WTR<\/p>\n\n\n\n<p class=\"s6\">&#8211; instrukcji \u017ceglugi i niniejszego zawiadomienia<\/p>\n\n\n\n<p>7.&nbsp;Zg\u0142oszenia przyjmowane b\u0119d\u0105 w dniu 28.09.2024 r. od godz. 9.00 do godz. 10.00<\/p>\n\n\n\n<p>8.&nbsp;Sternicy jachtu s\u0105 zobowi\u0105zani z\u0142o\u017cy\u0107 &nbsp;podpisane zg\u0142oszenie na druku organizatora oraz op\u0142aci\u0107 &nbsp;wpisowe na miejscu &nbsp;( mile widziana odliczona got\u00f3wka)<\/p>\n\n\n\n<p>9.&nbsp;Klasy T 2 , Tango \u2013 100 z\u0142 od jachtu + sk\u0142adka na grill &#8211; 30 z\u0142 od ka\u017cdego cz\u0142onka za\u0142ogi&nbsp;<\/p>\n\n\n\n<p class=\"s6\">Grupa turystyczna &nbsp;&#8211; 10 z\u0142 od jachtu + sk\u0142adka na grill 30 z\u0142 od ka\u017cdego cz\u0142onka za\u0142ogi<\/p>\n\n\n\n<p>10.&nbsp;Dla grupy turystycznej wy\u015bcigi odbywaj\u0105 si\u0119 tylko w dniu 28 wrze\u015bnia &nbsp;&#8211; wszystkie informacje zostan\u0105 podane na odprawie sternik\u00f3w<\/p>\n\n\n\n<p>11.&nbsp;Otwarcie i odprawa sternik\u00f3w &nbsp;odb\u0119dzie si\u0119 w dniu 28.09.2024r. &nbsp;o godzinie 11.00<\/p>\n\n\n\n<p>12.&nbsp;Czas startu do pierwszego wy\u015bcigu&nbsp;oraz ilo\u015b\u0107 wy\u015bcig\u00f3w&nbsp;zostanie podana&nbsp;na odprawie.<\/p>\n\n\n\n<p>13.&nbsp;Po rozegraniu jednego wy\u015bcigu trening regatowy uznany b\u0119dzie za wa\u017cny.<\/p>\n\n\n\n<p>14.&nbsp;Jachty uczestnicz\u0105ce w treningu powinny posiada\u0107 ubezpieczenie OC oraz znaki identyfikacyjne na \u017caglu.<\/p>\n\n\n\n<p>15.&nbsp;Wszyscy uczestnicy bior\u0105 udzia\u0142 &nbsp;w treningu regatowym na w\u0142asn\u0105 odpowiedzialno\u015b\u0107. \u017badna z czynno\u015bci wykonanych lub nie wykonanych przez organizator\u00f3w &nbsp;nie zwalnia uczestnik\u00f3w od ponoszenia odpowiedzialno\u015bci za jak\u0105kolwiek szkod\u0119 spowodowan\u0105 przez uczestnika lub jego jacht wynikaj\u0105c\u0105 z udzia\u0142u w treningu regatowym.<\/p>\n\n\n\n<p>Kontakt :<\/p>\n\n\n\n<p>Jacek Wichrowski \u2013 KS Sp\u00f3jnia<\/p>\n\n\n\n<p>609-038-993<\/p>\n\n\n\n<div class=\"wp-block-file\"><a href=\"http:\/\/wtr.waw.pl\/wp-content\/uploads\/2024\/09\/zawiadomienie.docx\">Zawiadomienie.docx<\/a><a href=\"http:\/\/wtr.waw.pl\/wp-content\/uploads\/2024\/09\/zawiadomienie.docx\" class=\"wp-block-file__button wp-element-button\" download>Download<\/a><\/div>\n\n\n\n<p><\/p>\n","protected":false},"excerpt":{"rendered":"<p>Zawiadomienie trening regatowy Puchar 75-lecia Klubu Sportowego SP\u00d3JNIA Warszawa &nbsp; 1.&nbsp;Trening odb\u0119dzie si\u0119 28-29 wrze\u015bnia 2024 r. w bazie regatowo- szkoleniowej KS Sp\u00f3jnia w Niepor\u0119cie 2.&nbsp;Akwen \u2013 Zalew Zegrzy\u0144ski 3.&nbsp;Przewidywane klasy : T2, Tango, &nbsp;Turystyczna(armatorska) 4.&nbsp;Klasy nie wymienione w zawiadomieniu winny zg\u0142osi\u0107 &nbsp;ch\u0119\u0107 uczestnictwa na 7 dni przed treningiem regatowym. 5.&nbsp;Trening regatowy jest zaliczany do&#8230;<\/p>\n","protected":false},"author":1,"featured_media":581,"parent":0,"menu_order":0,"comment_status":"closed","ping_status":"closed","template":"","meta":{"footnotes":""},"class_list":["post-1378","page","type-page","status-publish","has-post-thumbnail","hentry"],"_links":{"self":[{"href":"http:\/\/wtr.waw.pl\/index.php?rest_route=\/wp\/v2\/pages\/1378","targetHints":{"allow":["GET"]}}],"collection":[{"href":"http:\/\/wtr.waw.pl\/index.php?rest_route=\/wp\/v2\/pages"}],"about":[{"href":"http:\/\/wtr.waw.pl\/index.php?rest_route=\/wp\/v2\/types\/page"}],"author":[{"embeddable":true,"href":"http:\/\/wtr.waw.pl\/index.php?rest_route=\/wp\/v2\/users\/1"}],"replies":[{"embeddable":true,"href":"http:\/\/wtr.waw.pl\/index.php?rest_route=%2Fwp%2Fv2%2Fcomments&post=1378"}],"version-history":[{"count":2,"href":"http:\/\/wtr.waw.pl\/index.php?rest_route=\/wp\/v2\/pages\/1378\/revisions"}],"predecessor-version":[{"id":1380,"href":"http:\/\/wtr.waw.pl\/index.php?rest_route=\/wp\/v2\/pages\/1378\/revisions\/1380"}],"wp:featuredmedia":[{"embeddable":true,"href":"http:\/\/wtr.waw.pl\/index.php?rest_route=\/wp\/v2\/media\/581"}],"wp:attachment":[{"href":"http:\/\/wtr.waw.pl\/index.php?rest_route=%2Fwp%2Fv2%2Fmedia&parent=1378"}],"curies":[{"name":"wp","href":"https:\/\/api.w.org\/{rel}","templated":true}]}}