{"id":1326,"date":"2023-09-15T22:42:23","date_gmt":"2023-09-15T20:42:23","guid":{"rendered":"http:\/\/wtr.waw.pl\/?page_id=1326"},"modified":"2023-09-15T22:42:23","modified_gmt":"2023-09-15T20:42:23","slug":"wyniki-regat-blekitna-wstega-ykp","status":"publish","type":"page","link":"http:\/\/wtr.waw.pl\/?page_id=1326","title":{"rendered":"Wyniki Regat &#8211; B\u0142\u0119kitna Wst\u0119ga YKP"},"content":{"rendered":"\n<figure class=\"wp-block-image size-large is-resized\"><img loading=\"lazy\" decoding=\"async\" src=\"http:\/\/wtr.waw.pl\/wp-content\/uploads\/2023\/09\/Blekitna_Wstega_YKP-1024x370.png\" alt=\"\" class=\"wp-image-1327\" width=\"1024\" height=\"370\" srcset=\"http:\/\/wtr.waw.pl\/wp-content\/uploads\/2023\/09\/Blekitna_Wstega_YKP-1024x370.png 1024w, http:\/\/wtr.waw.pl\/wp-content\/uploads\/2023\/09\/Blekitna_Wstega_YKP-300x108.png 300w, http:\/\/wtr.waw.pl\/wp-content\/uploads\/2023\/09\/Blekitna_Wstega_YKP-768x277.png 768w, http:\/\/wtr.waw.pl\/wp-content\/uploads\/2023\/09\/Blekitna_Wstega_YKP-1536x554.png 1536w, http:\/\/wtr.waw.pl\/wp-content\/uploads\/2023\/09\/Blekitna_Wstega_YKP-2048x739.png 2048w\" sizes=\"auto, (max-width: 1024px) 100vw, 1024px\" \/><\/figure>\n","protected":false},"excerpt":{"rendered":"","protected":false},"author":1,"featured_media":496,"parent":0,"menu_order":0,"comment_status":"closed","ping_status":"closed","template":"","meta":{"footnotes":""},"class_list":["post-1326","page","type-page","status-publish","has-post-thumbnail","hentry"],"_links":{"self":[{"href":"http:\/\/wtr.waw.pl\/index.php?rest_route=\/wp\/v2\/pages\/1326","targetHints":{"allow":["GET"]}}],"collection":[{"href":"http:\/\/wtr.waw.pl\/index.php?rest_route=\/wp\/v2\/pages"}],"about":[{"href":"http:\/\/wtr.waw.pl\/index.php?rest_route=\/wp\/v2\/types\/page"}],"author":[{"embeddable":true,"href":"http:\/\/wtr.waw.pl\/index.php?rest_route=\/wp\/v2\/users\/1"}],"replies":[{"embeddable":true,"href":"http:\/\/wtr.waw.pl\/index.php?rest_route=%2Fwp%2Fv2%2Fcomments&post=1326"}],"version-history":[{"count":1,"href":"http:\/\/wtr.waw.pl\/index.php?rest_route=\/wp\/v2\/pages\/1326\/revisions"}],"predecessor-version":[{"id":1328,"href":"http:\/\/wtr.waw.pl\/index.php?rest_route=\/wp\/v2\/pages\/1326\/revisions\/1328"}],"wp:featuredmedia":[{"embeddable":true,"href":"http:\/\/wtr.waw.pl\/index.php?rest_route=\/wp\/v2\/media\/496"}],"wp:attachment":[{"href":"http:\/\/wtr.waw.pl\/index.php?rest_route=%2Fwp%2Fv2%2Fmedia&parent=1326"}],"curies":[{"name":"wp","href":"https:\/\/api.w.org\/{rel}","templated":true}]}}