{"id":1307,"date":"2023-08-27T14:24:13","date_gmt":"2023-08-27T12:24:13","guid":{"rendered":"http:\/\/wtr.waw.pl\/?page_id=1307"},"modified":"2023-08-27T14:24:13","modified_gmt":"2023-08-27T12:24:13","slug":"zawiadomienie-o-regatach-mistrzostwa-warszawy-w-klasie-sigma","status":"publish","type":"page","link":"http:\/\/wtr.waw.pl\/?page_id=1307","title":{"rendered":"Zawiadomienie o Regatach &#8211; Mistrzostwa Warszawy w klasie Sigma"},"content":{"rendered":"\n<p>\u26f5Sigma to obecnie najbardziej popularna monotypowa klasa na Zalewie i ju\u017c najwy\u017cszy czas, aby odby\u0142y si\u0119 na niej pierwsze Mistrzostwa Warszawy. Termin regat to 2-3 wrze\u015bnia.<\/p>\n\n\n\n<p>\ud83d\ude80Specjalnie na t\u0105 okazj\u0119 ka\u017cdy kto wyczarteruje Sigm\u0119 w naszym porcie w Pilawie i wystartuje w regatach, otrzyma rabat 30%.<br>Do dyspozycji mamy 5 nowych \u0142odzi.<br>Cennik&nbsp;<a rel=\"noreferrer noopener\" target=\"_blank\" href=\"http:\/\/ykpwarszawa.pl\/\">ykpwarszawa.pl<\/a><\/p>\n\n\n\n<p>\u2705Rezerwacje tutaj&nbsp;<a rel=\"noreferrer noopener\" target=\"_blank\" href=\"mailto:czarter@ykpwarszawa.pl\">czarter@ykpwarszawa.pl<\/a>.<\/p>\n\n\n\n<p>\u2b07\ufe0f Za\u0142ogi min. 2 osobowe.&nbsp;<\/p>\n\n\n\n<p>Wi\u0119cej jacht\u00f3w mo\u017cecie znale\u017a\u0107 w Zegrze360, Klub Mila Zegrzynek, Sztorm Grupa&nbsp;<\/p>\n","protected":false},"excerpt":{"rendered":"<p>\u26f5Sigma to obecnie najbardziej popularna monotypowa klasa na Zalewie i ju\u017c najwy\u017cszy czas, aby odby\u0142y si\u0119 na niej pierwsze Mistrzostwa Warszawy. Termin regat to 2-3 wrze\u015bnia. \ud83d\ude80Specjalnie na t\u0105 okazj\u0119 ka\u017cdy kto wyczarteruje Sigm\u0119 w naszym porcie w Pilawie i wystartuje w regatach, otrzyma rabat 30%.Do dyspozycji mamy 5 nowych \u0142odzi.Cennik&nbsp;ykpwarszawa.pl \u2705Rezerwacje tutaj&nbsp;czarter@ykpwarszawa.pl. \u2b07\ufe0f Za\u0142ogi&#8230;<\/p>\n","protected":false},"author":1,"featured_media":1308,"parent":0,"menu_order":0,"comment_status":"closed","ping_status":"closed","template":"","meta":{"footnotes":""},"class_list":["post-1307","page","type-page","status-publish","has-post-thumbnail","hentry"],"_links":{"self":[{"href":"http:\/\/wtr.waw.pl\/index.php?rest_route=\/wp\/v2\/pages\/1307","targetHints":{"allow":["GET"]}}],"collection":[{"href":"http:\/\/wtr.waw.pl\/index.php?rest_route=\/wp\/v2\/pages"}],"about":[{"href":"http:\/\/wtr.waw.pl\/index.php?rest_route=\/wp\/v2\/types\/page"}],"author":[{"embeddable":true,"href":"http:\/\/wtr.waw.pl\/index.php?rest_route=\/wp\/v2\/users\/1"}],"replies":[{"embeddable":true,"href":"http:\/\/wtr.waw.pl\/index.php?rest_route=%2Fwp%2Fv2%2Fcomments&post=1307"}],"version-history":[{"count":1,"href":"http:\/\/wtr.waw.pl\/index.php?rest_route=\/wp\/v2\/pages\/1307\/revisions"}],"predecessor-version":[{"id":1309,"href":"http:\/\/wtr.waw.pl\/index.php?rest_route=\/wp\/v2\/pages\/1307\/revisions\/1309"}],"wp:featuredmedia":[{"embeddable":true,"href":"http:\/\/wtr.waw.pl\/index.php?rest_route=\/wp\/v2\/media\/1308"}],"wp:attachment":[{"href":"http:\/\/wtr.waw.pl\/index.php?rest_route=%2Fwp%2Fv2%2Fmedia&parent=1307"}],"curies":[{"name":"wp","href":"https:\/\/api.w.org\/{rel}","templated":true}]}}