{"id":1297,"date":"2023-08-21T18:57:11","date_gmt":"2023-08-21T16:57:11","guid":{"rendered":"http:\/\/wtr.waw.pl\/?page_id=1297"},"modified":"2023-08-21T18:58:13","modified_gmt":"2023-08-21T16:58:13","slug":"zawiadomienie-o-regatach-mistrzostwa-warszawy-jachtow-kabinowych","status":"publish","type":"page","link":"http:\/\/wtr.waw.pl\/?page_id=1297","title":{"rendered":"Zawiadomienie o Regatach &#8211; Mistrzostwa Warszawy Jacht\u00f3w Kabinowych"},"content":{"rendered":"\n<p class=\"has-text-align-center\"><strong>MISTRZOSTWA WARSZAWY JACHT\u00d3W KABINOWYCH<\/strong><\/p>\n\n\n\n<p class=\"has-text-align-center\"><strong>ORGANIZATOR WARSZAWSKO MAZOWIECKI OKR\u0118GOWY ZWI\u0104ZEK \u017bEGLARSKI<\/strong><\/p>\n\n\n\n<ol class=\"wp-block-list\"><li>Regaty odb\u0119d\u0105 si\u0119 w dniach 2-3.09.2023<\/li><li>Baz\u0105 regat b\u0119dzie Baza Regatowo Szkoleniowa Klubu Sportowego Sp\u00f3jnia Warszawa w Niepor\u0119cie. Slipowanie jacht\u00f3w mo\u017cliwe jest za odp\u0142atno\u015bci\u0105 w Porcie Jachtowym Niepor\u0119t lub innych miejscach nad Jeziorem.<\/li><li>Biuro regat: Baza Regatowo Szkoleniowa Klubu Sportowego Sp\u00f3jnia Warszawa w Niepor\u0119cie.<\/li><li>Regaty s\u0105 zaliczane do Grand Prix Warszawy.<\/li><li>Regaty zostan\u0105 rozegrane w klasach : T-2, TANGO, Omega. Minimum jacht\u00f3w w klasie ustala si\u0119 na cztery. Klasy nie wymienione w zawiadomieniu winny zg\u0142osi\u0107 ch\u0119\u0107 uczestnictwa na 14 dni przed regatami.<\/li><li>Zg\u0142oszenie do regat: w dniu 2.09.2023 od godz.9.00 do godz.10.00<br>Sternik jachtu zg\u0142aszaj\u0105cy si\u0119 do regat zobowi\u0105zany jest z\u0142o\u017cy\u0107 nast\u0119puj\u0105ce dokumenty: Zg\u0142oszenie do regat \/na druku organizatora\/.<br>Aktualne ubezpieczenie OC jachtu na okoliczno\u015b\u0107 regat.<\/li><li>Regaty odb\u0119d\u0105 si\u0119 wed\u0142ug przepis\u00f3w:<br>&#8211; PR\u017b 2021-2024, klasowych, regulaminu WTR<br>&#8211; instrukcji \u017ceglugi i niniejszego zawiadomienia o regatach.<\/li><li>Otwarcie regat odb\u0119dzie si\u0119 w dniu 2.09.2023 o godz.11.00<\/li><li>Odprawa sternik\u00f3w godz. 11.15<\/li><li>Start do pierwszego wy\u015bcigu podany b\u0119dzie na odprawie.<\/li><li>Przewidywane jest rozegranie pi\u0119ciu wy\u015bcig\u00f3w. Po rozegraniu jednego wy\u015bcigu regat uznane b\u0119d\u0105 za wa\u017cne.<\/li><li>Kategoria regat \u201e C\u201d<\/li><li>Wszyscy uczestnicy bior\u0105 udzia\u0142 w regatach na w\u0142asn\u0105 odpowiedzialno\u015b\u0107. \u017badna z czynno\u015bci wykonanych lub niewykonanych przez organizator\u00f3w nie zwalnia uczestnik\u00f3w regat od ponoszenia odpowiedzialno\u015bci za jak\u0105kolwiek szkod\u0119 spowodowan\u0105 przez zawodnika lub jego jacht wynikaj\u0105c\u0105 z udzia\u0142u w regatach.<\/li><li>Wpisowe do regat wynosi 130 z\u0142 od jachtu i 30 z\u0142 od cz\u0142onka za\u0142ogi.<\/li><li>Kontakt: Jacek Kotkiewicz 602 39 54 68<\/li><\/ol>\n","protected":false},"excerpt":{"rendered":"<p>MISTRZOSTWA WARSZAWY JACHT\u00d3W KABINOWYCH ORGANIZATOR WARSZAWSKO MAZOWIECKI OKR\u0118GOWY ZWI\u0104ZEK \u017bEGLARSKI Regaty odb\u0119d\u0105 si\u0119 w dniach 2-3.09.2023 Baz\u0105 regat b\u0119dzie Baza Regatowo Szkoleniowa Klubu Sportowego Sp\u00f3jnia Warszawa w Niepor\u0119cie. Slipowanie jacht\u00f3w mo\u017cliwe jest za odp\u0142atno\u015bci\u0105 w Porcie Jachtowym Niepor\u0119t lub innych miejscach nad Jeziorem. Biuro regat: Baza Regatowo Szkoleniowa Klubu Sportowego Sp\u00f3jnia Warszawa w Niepor\u0119cie. Regaty&#8230;<\/p>\n","protected":false},"author":1,"featured_media":557,"parent":0,"menu_order":0,"comment_status":"closed","ping_status":"closed","template":"","meta":{"footnotes":""},"class_list":["post-1297","page","type-page","status-publish","has-post-thumbnail","hentry"],"_links":{"self":[{"href":"http:\/\/wtr.waw.pl\/index.php?rest_route=\/wp\/v2\/pages\/1297","targetHints":{"allow":["GET"]}}],"collection":[{"href":"http:\/\/wtr.waw.pl\/index.php?rest_route=\/wp\/v2\/pages"}],"about":[{"href":"http:\/\/wtr.waw.pl\/index.php?rest_route=\/wp\/v2\/types\/page"}],"author":[{"embeddable":true,"href":"http:\/\/wtr.waw.pl\/index.php?rest_route=\/wp\/v2\/users\/1"}],"replies":[{"embeddable":true,"href":"http:\/\/wtr.waw.pl\/index.php?rest_route=%2Fwp%2Fv2%2Fcomments&post=1297"}],"version-history":[{"count":2,"href":"http:\/\/wtr.waw.pl\/index.php?rest_route=\/wp\/v2\/pages\/1297\/revisions"}],"predecessor-version":[{"id":1299,"href":"http:\/\/wtr.waw.pl\/index.php?rest_route=\/wp\/v2\/pages\/1297\/revisions\/1299"}],"wp:featuredmedia":[{"embeddable":true,"href":"http:\/\/wtr.waw.pl\/index.php?rest_route=\/wp\/v2\/media\/557"}],"wp:attachment":[{"href":"http:\/\/wtr.waw.pl\/index.php?rest_route=%2Fwp%2Fv2%2Fmedia&parent=1297"}],"curies":[{"name":"wp","href":"https:\/\/api.w.org\/{rel}","templated":true}]}}