{"id":1263,"date":"2023-06-21T20:59:19","date_gmt":"2023-06-21T18:59:19","guid":{"rendered":"http:\/\/wtr.waw.pl\/?page_id=1263"},"modified":"2023-06-21T21:18:20","modified_gmt":"2023-06-21T19:18:20","slug":"wyniki-regat-puchar-klubu-sailing-legia","status":"publish","type":"page","link":"http:\/\/wtr.waw.pl\/?page_id=1263","title":{"rendered":"Wyniki regat &#8211; Puchar Klubu Sailing Legia"},"content":{"rendered":"\n<p class=\"has-text-align-center\"><a href=\"http:\/\/wtr.waw.pl\/?page_id=1271\" data-type=\"page\" data-id=\"1271\"><strong>Zdj\u0119cia z zawod\u00f3w dost\u0119pne tutaj.<\/strong><\/a><\/p>\n\n\n\n<figure class=\"wp-block-image size-large is-resized\"><img loading=\"lazy\" decoding=\"async\" src=\"http:\/\/wtr.waw.pl\/wp-content\/uploads\/2023\/06\/Wyniki-Regat-Puchar-Klubu-Sailing-Legia-1024x843.png\" alt=\"\" class=\"wp-image-1264\" width=\"1024\" height=\"843\" srcset=\"http:\/\/wtr.waw.pl\/wp-content\/uploads\/2023\/06\/Wyniki-Regat-Puchar-Klubu-Sailing-Legia-1024x843.png 1024w, http:\/\/wtr.waw.pl\/wp-content\/uploads\/2023\/06\/Wyniki-Regat-Puchar-Klubu-Sailing-Legia-300x247.png 300w, http:\/\/wtr.waw.pl\/wp-content\/uploads\/2023\/06\/Wyniki-Regat-Puchar-Klubu-Sailing-Legia-768x632.png 768w, http:\/\/wtr.waw.pl\/wp-content\/uploads\/2023\/06\/Wyniki-Regat-Puchar-Klubu-Sailing-Legia-1536x1264.png 1536w, http:\/\/wtr.waw.pl\/wp-content\/uploads\/2023\/06\/Wyniki-Regat-Puchar-Klubu-Sailing-Legia.png 1569w\" sizes=\"auto, (max-width: 1024px) 100vw, 1024px\" \/><\/figure>\n","protected":false},"excerpt":{"rendered":"<p>Zdj\u0119cia z zawod\u00f3w dost\u0119pne tutaj.<\/p>\n","protected":false},"author":1,"featured_media":496,"parent":0,"menu_order":0,"comment_status":"closed","ping_status":"closed","template":"","meta":{"footnotes":""},"class_list":["post-1263","page","type-page","status-publish","has-post-thumbnail","hentry"],"_links":{"self":[{"href":"http:\/\/wtr.waw.pl\/index.php?rest_route=\/wp\/v2\/pages\/1263","targetHints":{"allow":["GET"]}}],"collection":[{"href":"http:\/\/wtr.waw.pl\/index.php?rest_route=\/wp\/v2\/pages"}],"about":[{"href":"http:\/\/wtr.waw.pl\/index.php?rest_route=\/wp\/v2\/types\/page"}],"author":[{"embeddable":true,"href":"http:\/\/wtr.waw.pl\/index.php?rest_route=\/wp\/v2\/users\/1"}],"replies":[{"embeddable":true,"href":"http:\/\/wtr.waw.pl\/index.php?rest_route=%2Fwp%2Fv2%2Fcomments&post=1263"}],"version-history":[{"count":4,"href":"http:\/\/wtr.waw.pl\/index.php?rest_route=\/wp\/v2\/pages\/1263\/revisions"}],"predecessor-version":[{"id":1285,"href":"http:\/\/wtr.waw.pl\/index.php?rest_route=\/wp\/v2\/pages\/1263\/revisions\/1285"}],"wp:featuredmedia":[{"embeddable":true,"href":"http:\/\/wtr.waw.pl\/index.php?rest_route=\/wp\/v2\/media\/496"}],"wp:attachment":[{"href":"http:\/\/wtr.waw.pl\/index.php?rest_route=%2Fwp%2Fv2%2Fmedia&parent=1263"}],"curies":[{"name":"wp","href":"https:\/\/api.w.org\/{rel}","templated":true}]}}