{"id":1227,"date":"2023-06-07T22:57:06","date_gmt":"2023-06-07T20:57:06","guid":{"rendered":"http:\/\/wtr.waw.pl\/?page_id=1227"},"modified":"2023-06-07T23:21:18","modified_gmt":"2023-06-07T21:21:18","slug":"zawiadomienie-o-regatach-puchar-sailing-legia-17-18-czerwca-2023-r","status":"publish","type":"page","link":"http:\/\/wtr.waw.pl\/?page_id=1227","title":{"rendered":"Puchar Sailing Legia 2023"},"content":{"rendered":"\n<p class=\"has-text-align-center\"><strong>PUCHAR SAILING LEGIA<\/strong><\/p>\n\n\n\n<p class=\"has-text-align-center\"><strong>17-18 czerwca 2023 r.<\/strong><\/p>\n\n\n\n<p class=\"has-text-align-center\">Zawiadomienie<\/p>\n\n\n\n<p><\/p>\n\n\n\n<ol class=\"wp-block-list\"><li>Regaty odb\u0119d\u0105 si\u0119 w dniach &nbsp;17-18.06.2023 r. na Zalewie Zegrzy\u0144skim.<br><\/li><li>Organizatorem Regat jest Sailing Legia.<br><\/li><li>Miejsce regat \u2013 Sailing Legia, Zegrze.<br><\/li><li>Regaty rozegrane b\u0119d\u0105 w klasach: T, T2, Tango zgodnie z Przepisami Regatowymi \u017beglarstwa World Sailing 2021-2024, przepisami klasowymi, Instrukcj\u0105 \u017beglugi i niniejszym zawiadomieniem.<br><\/li><li>Instrukcja \u017beglugi dost\u0119pna b\u0119dzie dla zawodnik\u00f3w w chwili zg\u0142oszenia.<br><\/li><li>Jacht powinien posiada\u0107 ubezpieczenie OC oraz znaki identyfikacyjne na \u017caglu.<br><\/li><li>Przewiduje si\u0119 rozegranie 6 wy\u015bcig\u00f3w.<br><\/li><li>Regaty zaliczane s\u0105 do cyklu \u017beglarskiego Grand Prix Warszawy.<br><\/li><li>Zg\u0142oszenia zawodnik\u00f3w do regat przyjmowane b\u0119d\u0105 na drukach dostarczonych przez organizatora w dniu 17.06.2023r. od godz. 9:30 do godz. 10:00.<br><\/li><li>Wpisowe do regat w wysoko\u015bci 100,00 z\u0142 od jachtu i 20,00z\u0142 od osoby.<br><\/li><li>Otwarcie regat i odprawa sternik\u00f3w w dniu 17.06.2023 r. o godz. 10:30, start do pierwszego wy\u015bcigu przewidziany jest na godz. 11:30. Zako\u0144czenie imprezy planowane jest 18.06.2023r. oko\u0142o godz. 16:00.<br><\/li><li>Wszyscy uczestnicy bior\u0105 udzia\u0142 w regatach na w\u0142asn\u0105 odpowiedzialno\u015b\u0107.<br>\u017badna z czynno\u015bci wykonana lub niewykonana przez organizatora nie zwalnia uczestnik\u00f3w regat od ponoszenia odpowiedzialno\u015bci za spowodowan\u0105 szkod\u0119 wynikaj\u0105c z udzia\u0142u w regatach.<\/li><\/ol>\n\n\n\n<p class=\"has-text-align-right\"><em>ORGANIZATOR<\/em><\/p>\n\n\n\n<p class=\"has-text-align-right\">SAILING LEGIA<\/p>\n","protected":false},"excerpt":{"rendered":"<p>PUCHAR SAILING LEGIA 17-18 czerwca 2023 r. Zawiadomienie Regaty odb\u0119d\u0105 si\u0119 w dniach &nbsp;17-18.06.2023 r. na Zalewie Zegrzy\u0144skim. Organizatorem Regat jest Sailing Legia. Miejsce regat \u2013 Sailing Legia, Zegrze. Regaty rozegrane b\u0119d\u0105 w klasach: T, T2, Tango zgodnie z Przepisami Regatowymi \u017beglarstwa World Sailing 2021-2024, przepisami klasowymi, Instrukcj\u0105 \u017beglugi i niniejszym zawiadomieniem. Instrukcja \u017beglugi dost\u0119pna&#8230;<\/p>\n","protected":false},"author":1,"featured_media":569,"parent":0,"menu_order":0,"comment_status":"closed","ping_status":"closed","template":"","meta":{"footnotes":""},"class_list":["post-1227","page","type-page","status-publish","has-post-thumbnail","hentry"],"_links":{"self":[{"href":"http:\/\/wtr.waw.pl\/index.php?rest_route=\/wp\/v2\/pages\/1227","targetHints":{"allow":["GET"]}}],"collection":[{"href":"http:\/\/wtr.waw.pl\/index.php?rest_route=\/wp\/v2\/pages"}],"about":[{"href":"http:\/\/wtr.waw.pl\/index.php?rest_route=\/wp\/v2\/types\/page"}],"author":[{"embeddable":true,"href":"http:\/\/wtr.waw.pl\/index.php?rest_route=\/wp\/v2\/users\/1"}],"replies":[{"embeddable":true,"href":"http:\/\/wtr.waw.pl\/index.php?rest_route=%2Fwp%2Fv2%2Fcomments&post=1227"}],"version-history":[{"count":4,"href":"http:\/\/wtr.waw.pl\/index.php?rest_route=\/wp\/v2\/pages\/1227\/revisions"}],"predecessor-version":[{"id":1237,"href":"http:\/\/wtr.waw.pl\/index.php?rest_route=\/wp\/v2\/pages\/1227\/revisions\/1237"}],"wp:featuredmedia":[{"embeddable":true,"href":"http:\/\/wtr.waw.pl\/index.php?rest_route=\/wp\/v2\/media\/569"}],"wp:attachment":[{"href":"http:\/\/wtr.waw.pl\/index.php?rest_route=%2Fwp%2Fv2%2Fmedia&parent=1227"}],"curies":[{"name":"wp","href":"https:\/\/api.w.org\/{rel}","templated":true}]}}