{"id":1220,"date":"2023-05-17T23:43:36","date_gmt":"2023-05-17T21:43:36","guid":{"rendered":"http:\/\/wtr.waw.pl\/?page_id=1220"},"modified":"2023-05-17T23:43:36","modified_gmt":"2023-05-17T21:43:36","slug":"kalendarz-imprez-2023","status":"publish","type":"page","link":"http:\/\/wtr.waw.pl\/?page_id=1220","title":{"rendered":"Kalendarz Imprez 2023"},"content":{"rendered":"\n<figure class=\"wp-block-table\"><table><tbody><tr><td>17-18 czerwca<\/td><td>Puchar Sailing LEGIA<\/td><td>Zegrze Legia<\/td><\/tr><tr><td>24-25 czerwca<\/td><td>Puchar KS SP\u00d3JNIA<\/td><td>Niepor\u0119t<\/td><\/tr><tr><td>2-3 wrze\u015bnia<\/td><td>Mistrzostwa Warszawy<\/td><td>Zegrze WAT<\/td><\/tr><tr><td>9-10 wrze\u015bnia<\/td><td>B\u0142ekitna Wst\u0119ga YKP<\/td><td>Jadwisin YKP<\/td><\/tr><tr><td>16-17 wrze\u015bnia<\/td><td>Puchar BT Kliwer<\/td><td>Jadwisin Geo-Vita<\/td><\/tr><tr><td>23-24 wre\u015bnia<\/td><td>Puchar Klasy TANGO<\/td><td>Zegrze WTW<\/td><\/tr><\/tbody><\/table><\/figure>\n","protected":false},"excerpt":{"rendered":"<p>17-18 czerwca Puchar Sailing LEGIA Zegrze Legia 24-25 czerwca Puchar KS SP\u00d3JNIA Niepor\u0119t 2-3 wrze\u015bnia Mistrzostwa Warszawy Zegrze WAT 9-10 wrze\u015bnia B\u0142ekitna Wst\u0119ga YKP Jadwisin YKP 16-17 wrze\u015bnia Puchar BT Kliwer Jadwisin Geo-Vita 23-24 wre\u015bnia Puchar Klasy TANGO Zegrze WTW<\/p>\n","protected":false},"author":1,"featured_media":273,"parent":0,"menu_order":0,"comment_status":"closed","ping_status":"closed","template":"","meta":{"footnotes":""},"class_list":["post-1220","page","type-page","status-publish","has-post-thumbnail","hentry"],"_links":{"self":[{"href":"http:\/\/wtr.waw.pl\/index.php?rest_route=\/wp\/v2\/pages\/1220","targetHints":{"allow":["GET"]}}],"collection":[{"href":"http:\/\/wtr.waw.pl\/index.php?rest_route=\/wp\/v2\/pages"}],"about":[{"href":"http:\/\/wtr.waw.pl\/index.php?rest_route=\/wp\/v2\/types\/page"}],"author":[{"embeddable":true,"href":"http:\/\/wtr.waw.pl\/index.php?rest_route=\/wp\/v2\/users\/1"}],"replies":[{"embeddable":true,"href":"http:\/\/wtr.waw.pl\/index.php?rest_route=%2Fwp%2Fv2%2Fcomments&post=1220"}],"version-history":[{"count":2,"href":"http:\/\/wtr.waw.pl\/index.php?rest_route=\/wp\/v2\/pages\/1220\/revisions"}],"predecessor-version":[{"id":1222,"href":"http:\/\/wtr.waw.pl\/index.php?rest_route=\/wp\/v2\/pages\/1220\/revisions\/1222"}],"wp:featuredmedia":[{"embeddable":true,"href":"http:\/\/wtr.waw.pl\/index.php?rest_route=\/wp\/v2\/media\/273"}],"wp:attachment":[{"href":"http:\/\/wtr.waw.pl\/index.php?rest_route=%2Fwp%2Fv2%2Fmedia&parent=1220"}],"curies":[{"name":"wp","href":"https:\/\/api.w.org\/{rel}","templated":true}]}}