{"id":1195,"date":"2022-09-19T21:41:18","date_gmt":"2022-09-19T19:41:18","guid":{"rendered":"http:\/\/wtr.waw.pl\/?page_id=1195"},"modified":"2022-09-19T21:41:58","modified_gmt":"2022-09-19T19:41:58","slug":"trening-regaty-puchar-wtr-2022","status":"publish","type":"page","link":"http:\/\/wtr.waw.pl\/?page_id=1195","title":{"rendered":"Trening-Regaty PUCHAR WTR 2022"},"content":{"rendered":"\n<p class=\"has-text-align-center\"><strong>Trening-Regaty<\/strong><\/p>\n\n\n\n<p class=\"has-text-align-center\"><strong>PUCHAR WTR<\/strong><\/p>\n\n\n\n<p class=\"has-text-align-center\"><strong>24-25 wrze\u015bnia 2022 r.<\/strong><\/p>\n\n\n\n<p class=\"has-text-align-center\" style=\"font-size:24px\"><strong>Zawiadomienie<\/strong><\/p>\n\n\n\n<p class=\"has-text-align-center\"><br>1. Regaty odb\u0119d\u0105 si\u0119 w dniach &nbsp;24-25.09.2022 r. na Zalewie Zegrzy\u0144skim.<\/p>\n\n\n\n<p class=\"has-text-align-center\"><br>2. Organizatorem Regat jest WARSZAWSKIE TOWARZYSTWO REGATOWE<\/p>\n\n\n\n<p class=\"has-text-align-center\"><br>3. Miejsce regat \u2013 WTW MARINA,&nbsp; Zegrze<\/p>\n\n\n\n<p class=\"has-text-align-center\"><br>4. Regaty rozegrane b\u0119d\u0105 w klasach: T, T2, Tango zgodnie z Przepisami Regatowymi \u017beglarstwa World Sailing 2021-2024, przepisami klasowymi, Instrukcj\u0105 \u017beglugi i niniejszym zawiadomieniem.<\/p>\n\n\n\n<p class=\"has-text-align-center\"><br>5. Instrukcja \u017beglugi dost\u0119pna b\u0119dzie dla zawodnik\u00f3w w chwili zg\u0142oszenia.<\/p>\n\n\n\n<p class=\"has-text-align-center\"><br>6. Jacht powinien posiada\u0107 ubezpieczenie OC oraz znaki identyfikacyjne na \u017caglu.<\/p>\n\n\n\n<p class=\"has-text-align-center\"><br>7. Przewiduje si\u0119 rozegranie 6 wy\u015bcig\u00f3w.<\/p>\n\n\n\n<p class=\"has-text-align-center\">8. Regaty zaliczane s\u0105 do cyklu \u017beglarskiego Grand Prix Warszawy.<\/p>\n\n\n\n<p class=\"has-text-align-center\"><br>9. Zg\u0142oszenia zawodnik\u00f3w do regat przyjmowane b\u0119d\u0105 na drukach dostarczonych przez organizatora w dniu 24.09.2022 r. od godz. 9:30 do godz. 10:00.<\/p>\n\n\n\n<p class=\"has-text-align-center\"><br>10. Wpisowe do regat w wysoko\u015bci 100,00 z\u0142 od jachtu i 20,00 z\u0142 &nbsp;od osoby.<\/p>\n\n\n\n<p class=\"has-text-align-center\"><br>11. Otwarcie regat i odprawa sternik\u00f3w w dniu 24.09.2022 r. o godz. 10:30, start do pierwszego wy\u015bcigu przewidziany jest na godz. 11:30. Zako\u0144czenie imprezy planowane jest 25.09.2022r. oko\u0142o godz. 16:00.<\/p>\n\n\n\n<p class=\"has-text-align-center\">12. Wszyscy uczestnicy bior\u0105 udzia\u0142 w regatach na w\u0142asn\u0105 odpowiedzialno\u015b\u0107.<\/p>\n\n\n\n<p class=\"has-text-align-center\">\u017badna z czynno\u015bci wykonana lub niewykonana przez organizatora nie zwalnia uczestnik\u00f3w regat od ponoszenia odpowiedzialno\u015bci za spowodowan\u0105 szkod\u0119 wynikaj\u0105c z udzia\u0142u w regatach.<\/p>\n\n\n\n<p><\/p>\n\n\n\n<p class=\"has-text-align-right\"><strong>WARSZAWSKIE TOWARZYSTWO REGATOWE<\/strong><\/p>\n\n\n\n<p><\/p>\n\n\n\n<p><\/p>\n\n\n\n<p>\u00a0 <\/p>\n\n\n\n<p class=\"has-text-align-center\" style=\"font-size:24px\"><strong>Instrukcja \u017beglugi<\/strong><\/p>\n\n\n\n<p><\/p>\n\n\n\n<p class=\"has-text-align-center\">PRZEPISY<\/p>\n\n\n\n<p class=\"has-text-align-center\">Regaty rozegrane b\u0119d\u0105 zgodnie z MPR\u017b 2021-2024, Przepisami Klasowymi i Pomiarowymi jacht\u00f3w startuj\u0105cych, Zawiadomieniem o regatach oraz niniejsz\u0105 Instrukcj\u0105 \u017beglugi.<\/p>\n\n\n\n<p class=\"has-text-align-center\">&nbsp; KLASY:<\/p>\n\n\n\n<p class=\"has-text-align-center\">Regaty zostan\u0105 rozegrane w Klasach T2 i Tango. Warunkiem jest start minimum 3 jacht\u00f3w w klasie.<\/p>\n\n\n\n<p class=\"has-text-align-center\">&nbsp; ZG\u0141OSZENIA<\/p>\n\n\n\n<p class=\"has-text-align-center\">W dniu 24.09.2022r. w godzinach&nbsp; 9:30 \u2013 10:30 w biurze regat.<\/p>\n\n\n\n<p class=\"has-text-align-center\">&nbsp; KOMUNIKATY<\/p>\n\n\n\n<p class=\"has-text-align-center\">Komunikaty dla zawodnik\u00f3w wywieszane b\u0119d\u0105 na tablicy og\u0142osze\u0144 Komisji Regatowej.<\/p>\n\n\n\n<p class=\"has-text-align-center\">&nbsp; ZMIANY W INSTRUKCJ \u017bEGLUGI<\/p>\n\n\n\n<p class=\"has-text-align-center\">Podane b\u0119d\u0105 najp\u00f3\u017aniej na 30 min. przed startem do wy\u015bcigu, kt\u00f3rego dotycz\u0105.<\/p>\n\n\n\n<p class=\"has-text-align-center\">&nbsp; PROGRAM REGAT<\/p>\n\n\n\n<p class=\"has-text-align-center\">Planowane jest przeprowadzenie 6 wy\u015bcig\u00f3w. Start do I wy\u015bcigu planowany jest ok. godz. 11:30&nbsp;<\/p>\n\n\n\n<p class=\"has-text-align-center\">&nbsp; TRASA<\/p>\n\n\n\n<p class=\"has-text-align-center\">Opis tras, startu i mety oraz szkic trasy zostanie podany na odprawie sternik\u00f3w.<\/p>\n\n\n\n<p class=\"has-text-align-center\">&nbsp; SYGNA\u0141Y<\/p>\n\n\n\n<p class=\"has-text-align-center\">Podzia\u0142 na grupy startowe, kolejno\u015b\u0107 start\u00f3w oraz flagi sygna\u0142\u00f3w ostrze\u017cenia podane zostan\u0105 na odprawie sternik\u00f3w oraz umieszczone na tablicy og\u0142osze\u0144 KR.<\/p>\n\n\n\n<p class=\"has-text-align-center\">&nbsp; START<\/p>\n\n\n\n<p class=\"has-text-align-center\">Starty do wy\u015bcig\u00f3w odbywa\u0107 si\u0119 b\u0119d\u0105 w systemie 5 minutowym (przepis 26). Jachty dla kt\u00f3rych sygna\u0142 ostrze\u017cenia nie jest podniesiony maj\u0105 obowi\u0105zek opu\u015bci\u0107 pole startowe oraz nie przeszkadza\u0107 jachtom przygotowuj\u0105cym si\u0119 do startu.<\/p>\n\n\n\n<p class=\"has-text-align-center\">&nbsp;META<\/p>\n\n\n\n<p class=\"has-text-align-center\">Jachty, kt\u00f3re uko\u0144cz\u0105 maj\u0105 obowi\u0105zek opu\u015bci\u0107 stref\u0119 linii mety i nie przeszkadza\u0107 jachtom b\u0119d\u0105cym w wy\u015bcigu. Jacht, kt\u00f3ry wi\u0119cej ni\u017c jeden raz przekroczy lini\u0119 mety zaliczone b\u0119dzie mia\u0142 miejsce zgodne z ostatnim przej\u015bciem mety.<\/p>\n\n\n\n<p class=\"has-text-align-center\">&nbsp;OGRANICZENIE CZASU<\/p>\n\n\n\n<p class=\"has-text-align-center\">Je\u017celi czas pierwszego jachtu w klasie nie przekracza 30 minut przyjmuje si\u0119 ograniczenie czasu 15 minut. &nbsp;Je\u017celi czas pierwszego jachtu przekroczy 30 minut przyjmuje si\u0119 limit czasu 20 minut.<\/p>\n\n\n\n<p class=\"has-text-align-center\">W wy\u015bcigu d\u0142ugodystansowym limit czasu mo\u017ce zosta\u0107 wyd\u0142u\u017cony.<\/p>\n\n\n\n<p class=\"has-text-align-center\">&nbsp;PROTESTY<\/p>\n\n\n\n<p class=\"has-text-align-center\">Czas sk\u0142adania protest\u00f3w zostaje zamkni\u0119ty po up\u0142ywie 30 minut od zamkni\u0119cia linii mety w ostatnim wy\u015bcigu. Zestawienie protest\u00f3w podane b\u0119dzie na tablicy og\u0142osze\u0144 KR bezpo\u015brednio po zako\u0144czeniu czasu sk\u0142adania protest\u00f3w. Ka\u017cdy zawodnik ma obowi\u0105zek sprawdzenia czy nie jest stron\u0105 lub \u015bwiadkiem w post\u0119powaniu protestowym.<\/p>\n\n\n\n<p class=\"has-text-align-center\">&nbsp;PUNKTACJA<\/p>\n\n\n\n<p class=\"has-text-align-center\">Regaty zostan\u0105 uznane za wa\u017cne przy rozegraniu jednego wy\u015bcigu. Przy rozegraniu 4 wy\u015bcig\u00f3w wynik najgorszy b\u0119dzie odrzucony.<\/p>\n\n\n\n<p class=\"has-text-align-center\">&nbsp;UCZESTNICTWO W WY\u015aCIGU<\/p>\n\n\n\n<p class=\"has-text-align-center\">Jacht, kt\u00f3ry wycofa si\u0119 z wy\u015bcigu lub nie b\u0119dzie startowa\u0142 w wy\u015bcigach kolejnych powinien powiadomi\u0107 o tym Komisj\u0119 Regatow\u0105.<\/p>\n\n\n\n<p class=\"has-text-align-center\">ODPOWIEDZIALNO\u015a\u0106<\/p>\n\n\n\n<p class=\"has-text-align-center\">Wszyscy uczestnicy bior\u0105 udzia\u0142 w regatach na w\u0142asn\u0105 odpowiedzialno\u015b\u0107, oraz wyra\u017caj\u0105 zgod\u0119 na publikacj\u0119 wizerunku w celu promocji regat, oraz uzyskania materia\u0142\u00f3w reklamowych(np. kalendarz). \u017badna z czynno\u015bci wykonana lub nie wykonana przez organizatora nie zwalnia uczestnik\u00f3w regat od ponoszenia odpowiedzialno\u015bci za szkody spowodowane przez jacht lub zawodnika wynikaj\u0105ce z udzia\u0142u w regatach.<\/p>\n\n\n\n<p><\/p>\n\n\n\n<p class=\"has-text-align-right\"><strong><em>S\u0119dzia G\u0142\u00f3wny<\/em><\/strong><\/p>\n","protected":false},"excerpt":{"rendered":"<p>Trening-Regaty PUCHAR WTR 24-25 wrze\u015bnia 2022 r. Zawiadomienie 1. Regaty odb\u0119d\u0105 si\u0119 w dniach &nbsp;24-25.09.2022 r. na Zalewie Zegrzy\u0144skim. 2. Organizatorem Regat jest WARSZAWSKIE TOWARZYSTWO REGATOWE 3. Miejsce regat \u2013 WTW MARINA,&nbsp; Zegrze 4. Regaty rozegrane b\u0119d\u0105 w klasach: T, T2, Tango zgodnie z Przepisami Regatowymi \u017beglarstwa World Sailing 2021-2024, przepisami klasowymi, Instrukcj\u0105 \u017beglugi i&#8230;<\/p>\n","protected":false},"author":1,"featured_media":557,"parent":0,"menu_order":0,"comment_status":"closed","ping_status":"closed","template":"","meta":{"footnotes":""},"class_list":["post-1195","page","type-page","status-publish","has-post-thumbnail","hentry"],"_links":{"self":[{"href":"http:\/\/wtr.waw.pl\/index.php?rest_route=\/wp\/v2\/pages\/1195","targetHints":{"allow":["GET"]}}],"collection":[{"href":"http:\/\/wtr.waw.pl\/index.php?rest_route=\/wp\/v2\/pages"}],"about":[{"href":"http:\/\/wtr.waw.pl\/index.php?rest_route=\/wp\/v2\/types\/page"}],"author":[{"embeddable":true,"href":"http:\/\/wtr.waw.pl\/index.php?rest_route=\/wp\/v2\/users\/1"}],"replies":[{"embeddable":true,"href":"http:\/\/wtr.waw.pl\/index.php?rest_route=%2Fwp%2Fv2%2Fcomments&post=1195"}],"version-history":[{"count":3,"href":"http:\/\/wtr.waw.pl\/index.php?rest_route=\/wp\/v2\/pages\/1195\/revisions"}],"predecessor-version":[{"id":1198,"href":"http:\/\/wtr.waw.pl\/index.php?rest_route=\/wp\/v2\/pages\/1195\/revisions\/1198"}],"wp:featuredmedia":[{"embeddable":true,"href":"http:\/\/wtr.waw.pl\/index.php?rest_route=\/wp\/v2\/media\/557"}],"wp:attachment":[{"href":"http:\/\/wtr.waw.pl\/index.php?rest_route=%2Fwp%2Fv2%2Fmedia&parent=1195"}],"curies":[{"name":"wp","href":"https:\/\/api.w.org\/{rel}","templated":true}]}}