{"id":1164,"date":"2022-08-17T20:29:30","date_gmt":"2022-08-17T18:29:30","guid":{"rendered":"http:\/\/wtr.waw.pl\/?page_id=1164"},"modified":"2022-08-17T20:29:30","modified_gmt":"2022-08-17T18:29:30","slug":"kalendarz-regat-2022","status":"publish","type":"page","link":"http:\/\/wtr.waw.pl\/?page_id=1164","title":{"rendered":"Kalendarz Regat 2022"},"content":{"rendered":"\n<figure class=\"wp-block-table\"><table><tbody><tr><td><strong>03-04.09.2022<\/strong><\/td><td>MISTRZOSTWA WARSZAWY<\/td><\/tr><tr><td><strong>10-11.09.2022<\/strong><\/td><td>B\u0142\u0119kitna Wst\u0119ga YKP<\/td><\/tr><tr><td><strong>17-18.09.2022<\/strong><\/td><td>Puchar Klasy TANGO<\/td><\/tr><tr><td><strong>24-25.09.2022<\/strong><\/td><td>Puchar WTR<\/td><\/tr><\/tbody><\/table><\/figure>\n\n\n\n<p><\/p>\n","protected":false},"excerpt":{"rendered":"<p>03-04.09.2022 MISTRZOSTWA WARSZAWY 10-11.09.2022 B\u0142\u0119kitna Wst\u0119ga YKP 17-18.09.2022 Puchar Klasy TANGO 24-25.09.2022 Puchar WTR<\/p>\n","protected":false},"author":1,"featured_media":437,"parent":0,"menu_order":0,"comment_status":"closed","ping_status":"closed","template":"","meta":{"footnotes":""},"class_list":["post-1164","page","type-page","status-publish","has-post-thumbnail","hentry"],"_links":{"self":[{"href":"http:\/\/wtr.waw.pl\/index.php?rest_route=\/wp\/v2\/pages\/1164","targetHints":{"allow":["GET"]}}],"collection":[{"href":"http:\/\/wtr.waw.pl\/index.php?rest_route=\/wp\/v2\/pages"}],"about":[{"href":"http:\/\/wtr.waw.pl\/index.php?rest_route=\/wp\/v2\/types\/page"}],"author":[{"embeddable":true,"href":"http:\/\/wtr.waw.pl\/index.php?rest_route=\/wp\/v2\/users\/1"}],"replies":[{"embeddable":true,"href":"http:\/\/wtr.waw.pl\/index.php?rest_route=%2Fwp%2Fv2%2Fcomments&post=1164"}],"version-history":[{"count":1,"href":"http:\/\/wtr.waw.pl\/index.php?rest_route=\/wp\/v2\/pages\/1164\/revisions"}],"predecessor-version":[{"id":1165,"href":"http:\/\/wtr.waw.pl\/index.php?rest_route=\/wp\/v2\/pages\/1164\/revisions\/1165"}],"wp:featuredmedia":[{"embeddable":true,"href":"http:\/\/wtr.waw.pl\/index.php?rest_route=\/wp\/v2\/media\/437"}],"wp:attachment":[{"href":"http:\/\/wtr.waw.pl\/index.php?rest_route=%2Fwp%2Fv2%2Fmedia&parent=1164"}],"curies":[{"name":"wp","href":"https:\/\/api.w.org\/{rel}","templated":true}]}}