{"id":1117,"date":"2021-09-23T19:30:54","date_gmt":"2021-09-23T17:30:54","guid":{"rendered":"http:\/\/wtr.waw.pl\/?page_id=1117"},"modified":"2021-09-23T19:32:36","modified_gmt":"2021-09-23T17:32:36","slug":"wyniki-regat-o-blekitna-wstege-ykp-warszawa","status":"publish","type":"page","link":"http:\/\/wtr.waw.pl\/?page_id=1117","title":{"rendered":"Wyniki Regat o B\u0142\u0119kitn\u0105 Wst\u0119g\u0119 YKP WARSZAWA 2021"},"content":{"rendered":"\n<div class=\"wp-block-image\"><figure class=\"aligncenter size-large\"><img loading=\"lazy\" decoding=\"async\" width=\"1024\" height=\"933\" src=\"http:\/\/wtr.waw.pl\/wp-content\/uploads\/2021\/09\/Regaty-o-Blekitna-Wstege-YKP-WARSZAWA-1024x933.png\" alt=\"\" class=\"wp-image-1118\" srcset=\"http:\/\/wtr.waw.pl\/wp-content\/uploads\/2021\/09\/Regaty-o-Blekitna-Wstege-YKP-WARSZAWA-1024x933.png 1024w, http:\/\/wtr.waw.pl\/wp-content\/uploads\/2021\/09\/Regaty-o-Blekitna-Wstege-YKP-WARSZAWA-300x273.png 300w, http:\/\/wtr.waw.pl\/wp-content\/uploads\/2021\/09\/Regaty-o-Blekitna-Wstege-YKP-WARSZAWA-768x699.png 768w, http:\/\/wtr.waw.pl\/wp-content\/uploads\/2021\/09\/Regaty-o-Blekitna-Wstege-YKP-WARSZAWA-1536x1399.png 1536w, http:\/\/wtr.waw.pl\/wp-content\/uploads\/2021\/09\/Regaty-o-Blekitna-Wstege-YKP-WARSZAWA.png 1613w\" sizes=\"auto, (max-width: 1024px) 100vw, 1024px\" \/><\/figure><\/div>\n","protected":false},"excerpt":{"rendered":"","protected":false},"author":1,"featured_media":392,"parent":0,"menu_order":0,"comment_status":"closed","ping_status":"closed","template":"","meta":{"footnotes":""},"class_list":["post-1117","page","type-page","status-publish","has-post-thumbnail","hentry"],"_links":{"self":[{"href":"http:\/\/wtr.waw.pl\/index.php?rest_route=\/wp\/v2\/pages\/1117","targetHints":{"allow":["GET"]}}],"collection":[{"href":"http:\/\/wtr.waw.pl\/index.php?rest_route=\/wp\/v2\/pages"}],"about":[{"href":"http:\/\/wtr.waw.pl\/index.php?rest_route=\/wp\/v2\/types\/page"}],"author":[{"embeddable":true,"href":"http:\/\/wtr.waw.pl\/index.php?rest_route=\/wp\/v2\/users\/1"}],"replies":[{"embeddable":true,"href":"http:\/\/wtr.waw.pl\/index.php?rest_route=%2Fwp%2Fv2%2Fcomments&post=1117"}],"version-history":[{"count":2,"href":"http:\/\/wtr.waw.pl\/index.php?rest_route=\/wp\/v2\/pages\/1117\/revisions"}],"predecessor-version":[{"id":1122,"href":"http:\/\/wtr.waw.pl\/index.php?rest_route=\/wp\/v2\/pages\/1117\/revisions\/1122"}],"wp:featuredmedia":[{"embeddable":true,"href":"http:\/\/wtr.waw.pl\/index.php?rest_route=\/wp\/v2\/media\/392"}],"wp:attachment":[{"href":"http:\/\/wtr.waw.pl\/index.php?rest_route=%2Fwp%2Fv2%2Fmedia&parent=1117"}],"curies":[{"name":"wp","href":"https:\/\/api.w.org\/{rel}","templated":true}]}}