{"id":1078,"date":"2021-09-14T19:21:43","date_gmt":"2021-09-14T17:21:43","guid":{"rendered":"http:\/\/wtr.waw.pl\/?page_id=1078"},"modified":"2021-09-14T19:26:14","modified_gmt":"2021-09-14T17:26:14","slug":"regaty-o-blekitna-wstege-ykp-warszawa-2021","status":"publish","type":"page","link":"http:\/\/wtr.waw.pl\/?page_id=1078","title":{"rendered":"Regaty o B\u0142\u0119kitn\u0105 Wst\u0119g\u0119 YKP Warszawa 2021"},"content":{"rendered":"\n<div class=\"wp-block-image\"><figure class=\"aligncenter size-large is-resized\"><img loading=\"lazy\" decoding=\"async\" src=\"http:\/\/wtr.waw.pl\/wp-content\/uploads\/2021\/09\/Screenshot-2021-09-14-at-19.18.36-792x1024.png\" alt=\"\" class=\"wp-image-1079\" width=\"792\" height=\"1024\" srcset=\"http:\/\/wtr.waw.pl\/wp-content\/uploads\/2021\/09\/Screenshot-2021-09-14-at-19.18.36-792x1024.png 792w, http:\/\/wtr.waw.pl\/wp-content\/uploads\/2021\/09\/Screenshot-2021-09-14-at-19.18.36-232x300.png 232w, http:\/\/wtr.waw.pl\/wp-content\/uploads\/2021\/09\/Screenshot-2021-09-14-at-19.18.36-768x993.png 768w, http:\/\/wtr.waw.pl\/wp-content\/uploads\/2021\/09\/Screenshot-2021-09-14-at-19.18.36-1188x1536.png 1188w, http:\/\/wtr.waw.pl\/wp-content\/uploads\/2021\/09\/Screenshot-2021-09-14-at-19.18.36.png 1391w\" sizes=\"auto, (max-width: 792px) 100vw, 792px\" \/><\/figure><\/div>\n","protected":false},"excerpt":{"rendered":"","protected":false},"author":1,"featured_media":392,"parent":0,"menu_order":0,"comment_status":"closed","ping_status":"closed","template":"","meta":{"footnotes":""},"class_list":["post-1078","page","type-page","status-publish","has-post-thumbnail","hentry"],"_links":{"self":[{"href":"http:\/\/wtr.waw.pl\/index.php?rest_route=\/wp\/v2\/pages\/1078","targetHints":{"allow":["GET"]}}],"collection":[{"href":"http:\/\/wtr.waw.pl\/index.php?rest_route=\/wp\/v2\/pages"}],"about":[{"href":"http:\/\/wtr.waw.pl\/index.php?rest_route=\/wp\/v2\/types\/page"}],"author":[{"embeddable":true,"href":"http:\/\/wtr.waw.pl\/index.php?rest_route=\/wp\/v2\/users\/1"}],"replies":[{"embeddable":true,"href":"http:\/\/wtr.waw.pl\/index.php?rest_route=%2Fwp%2Fv2%2Fcomments&post=1078"}],"version-history":[{"count":2,"href":"http:\/\/wtr.waw.pl\/index.php?rest_route=\/wp\/v2\/pages\/1078\/revisions"}],"predecessor-version":[{"id":1081,"href":"http:\/\/wtr.waw.pl\/index.php?rest_route=\/wp\/v2\/pages\/1078\/revisions\/1081"}],"wp:featuredmedia":[{"embeddable":true,"href":"http:\/\/wtr.waw.pl\/index.php?rest_route=\/wp\/v2\/media\/392"}],"wp:attachment":[{"href":"http:\/\/wtr.waw.pl\/index.php?rest_route=%2Fwp%2Fv2%2Fmedia&parent=1078"}],"curies":[{"name":"wp","href":"https:\/\/api.w.org\/{rel}","templated":true}]}}