{"id":1006,"date":"2020-09-25T11:10:27","date_gmt":"2020-09-25T09:10:27","guid":{"rendered":"http:\/\/wtr.waw.pl\/?page_id=1006"},"modified":"2020-09-25T11:33:48","modified_gmt":"2020-09-25T09:33:48","slug":"zawiadomienie-o-treningu-regatowym-zks-polonez-2020","status":"publish","type":"page","link":"http:\/\/wtr.waw.pl\/?page_id=1006","title":{"rendered":"ZAWIADOMIENIE O TRENINGU  REGATOWYM \u017bKS POLONEZ 2020"},"content":{"rendered":"\n<div class=\"wp-block-image\"><figure class=\"aligncenter is-resized\"><img loading=\"lazy\" decoding=\"async\" src=\"http:\/\/wtr.waw.pl\/wp-content\/uploads\/2019\/05\/zksp.png\" alt=\"\" class=\"wp-image-746\" width=\"196\" height=\"91\" srcset=\"http:\/\/wtr.waw.pl\/wp-content\/uploads\/2019\/05\/zksp.png 312w, http:\/\/wtr.waw.pl\/wp-content\/uploads\/2019\/05\/zksp-300x139.png 300w\" sizes=\"auto, (max-width: 196px) 100vw, 196px\" \/><\/figure><\/div>\n\n\n\n<div class=\"wp-block-file aligncenter\"><a href=\"http:\/\/wtr.waw.pl\/wp-content\/uploads\/2020\/09\/Zgloszenie-na-trening-regatowy-\u017bKS-Polonez-2020.docx\">Zgloszenie na trening regatowy \u017bKS Polonez 2020<\/a><a href=\"http:\/\/wtr.waw.pl\/wp-content\/uploads\/2020\/09\/Zgloszenie-na-trening-regatowy-\u017bKS-Polonez-2020.docx\" class=\"wp-block-file__button\" download>Pobierz<\/a><\/div>\n\n\n\n<ol class=\"wp-block-list\"><li>Impreza odb\u0119dzie si\u0119 w dniach: 03-04.10.2020 na Zalewie Zegrzy\u0144skim i go\u015bcinnie w\u00a0<strong>Porcie SZANTA CAFE w Zegrzu, ul. Warszawska 47.\u00a0<\/strong>Trening po\u0142\u0105czony b\u0119dzie z imprez\u0105 zako\u0144czenia sezonu \u017ceglarskiego w \u017bKS Polonez.<\/li><li>Jachty startuj\u0105 w klasach: T2, Tango (klasy T, T1 do uzgodnienia).<\/li><li>Punktacja klas jest zaliczana do Grand Prix Warszawy.<\/li><li>Obowi\u0105zuj\u0105 zasady:<br>&#8211; World Sailing 2017 \u2013 2020, PZ\u017b<br>&#8211; przepis\u00f3w pomiarowych jednokad\u0142ubowych jacht\u00f3w kabinowych<br>&#8211; zawarte w przepisach WTR 2014<br>&#8211; klas<br>&#8211; instrukcji \u017ceglugi i niniejszego zawiadomienia<\/li><li>Zg\u0142oszenia w Porcie w dniu 03.10.2020 od godz. 9:00 do 9:45.<\/li><li>Odprawa sternik\u00f3w: 10:00. Godzina startu zostanie podana na odprawie \u2013 przewidywana na 11:00.<\/li><li>Ilo\u015b\u0107 wy\u015bcig\u00f3w uzale\u017cniona od warunk\u00f3w pogodowych.<\/li><li>Wpisowe: 80 z\u0142 od jachtu oraz 20 z\u0142 od cz\u0142onka za\u0142ogi.\u00a0<\/li><li>Parking \u2013 ma\u0142y na terenie obiektu, du\u017co miejsc parkingowych przy ulicy oraz obok obiektu.<\/li><li>Jachty powinny by\u0107 sprawne technicznie i posiada\u0107 wymagane wyposa\u017cenie zgodne z obowi\u0105zuj\u0105cymi przepisami.<\/li><li>Wszyscy uczestnicy bior\u0105 udzia\u0142 na w\u0142asn\u0105 odpowiedzialno\u015b\u0107. \u017badna z czynno\u015bci wykonanych lub niewykonanych przez organizator\u00f3w nie zwalnia uczestnik\u00f3w od ponoszenia odpowiedzialno\u015bci za jak\u0105kolwiek szkod\u0119 spowodowan\u0105 przez sternika, za\u0142og\u0119 lub jego jacht. Organizator nie przyjmuje \u017cadnej odpowiedzialno\u015bci za uszkodzenia sprz\u0119tu lub os\u00f3b.<\/li><li>Jachty powinny posiada\u0107 ubezpieczenie OC dla jacht\u00f3w bior\u0105cych udzia\u0142 w regatach.<\/li><li>Sternik i za\u0142oga jachtu wyra\u017caj\u0105 zgod\u0119 na bezp\u0142atne wykorzystanie przez Klub swego wizerunku na zdj\u0119ciach z imprezy oraz przetwarzanie swoich danych osobowych na potrzeby publikowania wynik\u00f3w na stronie Klubowej i FB oraz w publikacjach WTR.<\/li><\/ol>\n","protected":false},"excerpt":{"rendered":"<p>Impreza odb\u0119dzie si\u0119 w dniach: 03-04.10.2020 na Zalewie Zegrzy\u0144skim i go\u015bcinnie w\u00a0Porcie SZANTA CAFE w Zegrzu, ul. Warszawska 47.\u00a0Trening po\u0142\u0105czony b\u0119dzie z imprez\u0105 zako\u0144czenia sezonu \u017ceglarskiego w \u017bKS Polonez. Jachty startuj\u0105 w klasach: T2, Tango (klasy T, T1 do uzgodnienia). Punktacja klas jest zaliczana do Grand Prix Warszawy. Obowi\u0105zuj\u0105 zasady:&#8211; World Sailing 2017 \u2013 2020,&#8230;<\/p>\n","protected":false},"author":1,"featured_media":273,"parent":0,"menu_order":0,"comment_status":"closed","ping_status":"closed","template":"","meta":{"footnotes":""},"class_list":["post-1006","page","type-page","status-publish","has-post-thumbnail","hentry"],"_links":{"self":[{"href":"http:\/\/wtr.waw.pl\/index.php?rest_route=\/wp\/v2\/pages\/1006","targetHints":{"allow":["GET"]}}],"collection":[{"href":"http:\/\/wtr.waw.pl\/index.php?rest_route=\/wp\/v2\/pages"}],"about":[{"href":"http:\/\/wtr.waw.pl\/index.php?rest_route=\/wp\/v2\/types\/page"}],"author":[{"embeddable":true,"href":"http:\/\/wtr.waw.pl\/index.php?rest_route=\/wp\/v2\/users\/1"}],"replies":[{"embeddable":true,"href":"http:\/\/wtr.waw.pl\/index.php?rest_route=%2Fwp%2Fv2%2Fcomments&post=1006"}],"version-history":[{"count":11,"href":"http:\/\/wtr.waw.pl\/index.php?rest_route=\/wp\/v2\/pages\/1006\/revisions"}],"predecessor-version":[{"id":1023,"href":"http:\/\/wtr.waw.pl\/index.php?rest_route=\/wp\/v2\/pages\/1006\/revisions\/1023"}],"wp:featuredmedia":[{"embeddable":true,"href":"http:\/\/wtr.waw.pl\/index.php?rest_route=\/wp\/v2\/media\/273"}],"wp:attachment":[{"href":"http:\/\/wtr.waw.pl\/index.php?rest_route=%2Fwp%2Fv2%2Fmedia&parent=1006"}],"curies":[{"name":"wp","href":"https:\/\/api.w.org\/{rel}","templated":true}]}}