{"id":1000,"date":"2020-09-25T10:55:02","date_gmt":"2020-09-25T08:55:02","guid":{"rendered":"http:\/\/wtr.waw.pl\/?page_id=1000"},"modified":"2020-09-25T10:55:02","modified_gmt":"2020-09-25T08:55:02","slug":"trening-regaty-puchar-klasy-tango-memorial-witka-wasilewskiego-26-27-wrzesnia-2020-r","status":"publish","type":"page","link":"http:\/\/wtr.waw.pl\/?page_id=1000","title":{"rendered":"Trening-Regaty PUCHAR KLASY TANGO MEMORIA\u0141 WITKA WASILEWSKIEGO 26-27 wrze\u015bnia 2020 r."},"content":{"rendered":"\n<p style=\"text-align:center\"><strong>Zawiadomienie<\/strong><\/p>\n\n\n\n<ol class=\"wp-block-list\"><li>Regaty odb\u0119d\u0105 si\u0119 w dniu\u00a0\u00a026-27.09.2020 r. na Zalewie Zegrzy\u0144skim.\u00a0<\/li><li>Organizatorem Regat jest STOWARZYSZENIE KLASY TANGO.<\/li><li>Miejsce regat \u2013 KS SP\u00d3JNIA,\u00a0\u00a0Niepor\u0119t.<\/li><li>Regaty rozegrane b\u0119d\u0105 w klasach: T, T1, T2, Tango zgodnie z Przepisami Regatowymi \u017beglarstwa World Sailing 2017-2020, przepisami klasowymi, Instrukcj\u0105 \u017beglugi i niniejszym zawiadomieniem.<\/li><li>Instrukcja \u017beglugi dost\u0119pna b\u0119dzie dla zawodnik\u00f3w w chwili zg\u0142oszenia.\u00a0<\/li><li>Jacht powinien posiada\u0107 ubezpieczenie OC oraz znaki identyfikacyjne na \u017caglu.<\/li><li>Przewiduje si\u0119 rozegranie 6 wy\u015bcig\u00f3w w tym jeden wy\u015bcig d\u0142ugodystansowy- Memoria\u0142 Witka Wasilewskiego.<\/li><li>Regaty zaliczane s\u0105 do cyklu \u017beglarskiego Grand Prix Warszawy.<\/li><li>Zg\u0142oszenia zawodnik\u00f3w do regat przyjmowane b\u0119d\u0105 na drukach dostarczonych przez organizatora w dniu 20.09.2020 r. od godz. 9:30 do godz. 10:30.\u00a0<\/li><li>Wpisowe do regat w wysoko\u015bci 100,00 z\u0142 od jachtu.\u00a0<\/li><li>Otwarcie regat i odprawa sternik\u00f3w w dniu 26.09.2020 r. o godz. 10:30, start do pierwszego wy\u015bcigu przewidziany jest na godz. 11:30. Zako\u0144czenie imprezy planowane jest oko\u0142o godz. 16:00.\u00a0<\/li><li>Wszyscy uczestnicy bior\u0105 udzia\u0142 w regatach na w\u0142asn\u0105 odpowiedzialno\u015b\u0107. \u017badna z czynno\u015bci wykonana lub niewykonana przez organizatora nie zwalnia uczestnik\u00f3w regat od ponoszenia odpowiedzialno\u015bci za spowodowan\u0105 szkod\u0119 wynikaj\u0105c z udzia\u0142u w regatach.<\/li><\/ol>\n\n\n\n<p style=\"text-align:right\">STOWARZYSZENIE KLASY TANGO<\/p>\n","protected":false},"excerpt":{"rendered":"<p>Zawiadomienie Regaty odb\u0119d\u0105 si\u0119 w dniu\u00a0\u00a026-27.09.2020 r. na Zalewie Zegrzy\u0144skim.\u00a0 Organizatorem Regat jest STOWARZYSZENIE KLASY TANGO. Miejsce regat \u2013 KS SP\u00d3JNIA,\u00a0\u00a0Niepor\u0119t. Regaty rozegrane b\u0119d\u0105 w klasach: T, T1, T2, Tango zgodnie z Przepisami Regatowymi \u017beglarstwa World Sailing 2017-2020, przepisami klasowymi, Instrukcj\u0105 \u017beglugi i niniejszym zawiadomieniem. Instrukcja \u017beglugi dost\u0119pna b\u0119dzie dla zawodnik\u00f3w w chwili zg\u0142oszenia.\u00a0 Jacht&#8230;<\/p>\n","protected":false},"author":1,"featured_media":437,"parent":0,"menu_order":0,"comment_status":"closed","ping_status":"closed","template":"","meta":{"footnotes":""},"class_list":["post-1000","page","type-page","status-publish","has-post-thumbnail","hentry"],"_links":{"self":[{"href":"http:\/\/wtr.waw.pl\/index.php?rest_route=\/wp\/v2\/pages\/1000","targetHints":{"allow":["GET"]}}],"collection":[{"href":"http:\/\/wtr.waw.pl\/index.php?rest_route=\/wp\/v2\/pages"}],"about":[{"href":"http:\/\/wtr.waw.pl\/index.php?rest_route=\/wp\/v2\/types\/page"}],"author":[{"embeddable":true,"href":"http:\/\/wtr.waw.pl\/index.php?rest_route=\/wp\/v2\/users\/1"}],"replies":[{"embeddable":true,"href":"http:\/\/wtr.waw.pl\/index.php?rest_route=%2Fwp%2Fv2%2Fcomments&post=1000"}],"version-history":[{"count":1,"href":"http:\/\/wtr.waw.pl\/index.php?rest_route=\/wp\/v2\/pages\/1000\/revisions"}],"predecessor-version":[{"id":1001,"href":"http:\/\/wtr.waw.pl\/index.php?rest_route=\/wp\/v2\/pages\/1000\/revisions\/1001"}],"wp:featuredmedia":[{"embeddable":true,"href":"http:\/\/wtr.waw.pl\/index.php?rest_route=\/wp\/v2\/media\/437"}],"wp:attachment":[{"href":"http:\/\/wtr.waw.pl\/index.php?rest_route=%2Fwp%2Fv2%2Fmedia&parent=1000"}],"curies":[{"name":"wp","href":"https:\/\/api.w.org\/{rel}","templated":true}]}}